{"id":3,"date":"2025-12-08T10:24:56","date_gmt":"2025-12-08T10:24:56","guid":{"rendered":"http:\/\/bodursanoto.com.tr\/?page_id=3"},"modified":"2025-12-20T20:46:55","modified_gmt":"2025-12-20T20:46:55","slug":"privacy-policy-2","status":"publish","type":"page","link":"https:\/\/bodursanoto.com.tr\/index.php\/privacy-policy-2\/","title":{"rendered":"Privacy Policy"},"content":{"rendered":"\t\t<div data-elementor-type=\"wp-page\" data-elementor-id=\"3\" class=\"elementor elementor-3\" data-elementor-post-type=\"page\">\n\t\t\t\t<div class=\"elementor-element elementor-element-4284872c e-flex e-con-boxed e-con e-parent\" data-id=\"4284872c\" data-element_type=\"container\" data-e-type=\"container\">\n\t\t\t\t\t<div class=\"e-con-inner\">\n\t\t\t\t<div class=\"elementor-element elementor-element-6677b659 elementor-widget elementor-widget-text-editor\" data-id=\"6677b659\" data-element_type=\"widget\" data-e-type=\"widget\" data-widget_type=\"text-editor.default\">\n\t\t\t\t\t\t\t\t\t\n<h1 class=\"wp-block-heading\" data-start=\"354\" data-end=\"379\"><strong data-start=\"356\" data-end=\"379\">Gizlilik Politikas\u0131<\/strong><\/h1>\n<p data-start=\"381\" data-end=\"497\">Bu gizlilik politikas\u0131, <strong data-start=\"405\" data-end=\"421\">Bodursan Oto<\/strong> taraf\u0131ndan i\u015fletilen <strong data-start=\"443\" data-end=\"469\"><a class=\"decorated-link\" href=\"http:\/\/www.bodursanoto.com.tr\" target=\"_new\" rel=\"noopener\" data-start=\"445\" data-end=\"467\">www.bodursanoto.com.tr<\/a><\/strong> web sitesi i\u00e7in ge\u00e7erlidir.<\/p>\n<hr data-start=\"499\" data-end=\"502\" \/>\n<h2 data-start=\"504\" data-end=\"524\">1. Veri Sorumlusu<\/h2>\n<p data-start=\"526\" data-end=\"695\">Bu web sitesi \u00fczerinden toplanan ki\u015fisel veriler,<br data-start=\"575\" data-end=\"578\" \/><strong data-start=\"578\" data-end=\"594\">Bodursan Oto<\/strong> taraf\u0131ndan, 6698 say\u0131l\u0131 <strong data-start=\"619\" data-end=\"664\">Ki\u015fisel Verilerin Korunmas\u0131 Kanunu (KVKK)<\/strong>\u2019na uygun olarak i\u015flenmektedir.<\/p>\n<hr data-start=\"697\" data-end=\"700\" \/>\n<h2 data-start=\"702\" data-end=\"732\">2. Toplanan Ki\u015fisel Veriler<\/h2>\n<p data-start=\"734\" data-end=\"795\">Web sitemiz \u00fczerinden a\u015fa\u011f\u0131daki ki\u015fisel veriler toplanabilir:<\/p>\n<ul data-start=\"797\" data-end=\"942\">\n<li data-start=\"797\" data-end=\"812\">\n<p data-start=\"799\" data-end=\"812\">Ad ve soyad<\/p>\n<\/li>\n<li data-start=\"813\" data-end=\"833\">\n<p data-start=\"815\" data-end=\"833\">Telefon numaras\u0131<\/p>\n<\/li>\n<li data-start=\"834\" data-end=\"867\">\n<p data-start=\"836\" data-end=\"867\">E-posta adresi (iste\u011fe ba\u011fl\u0131)<\/p>\n<\/li>\n<li data-start=\"868\" data-end=\"906\">\n<p data-start=\"870\" data-end=\"906\">Ara\u00e7 bilgileri (marka, model, y\u0131l)<\/p>\n<\/li>\n<li data-start=\"907\" data-end=\"942\">\n<p data-start=\"909\" data-end=\"942\">IP adresi ve taray\u0131c\u0131 bilgileri<\/p>\n<\/li>\n<\/ul>\n<hr data-start=\"944\" data-end=\"947\" \/>\n<h2 data-start=\"949\" data-end=\"989\">3. Ki\u015fisel Verilerin Toplanma Y\u00f6ntemi<\/h2>\n<p data-start=\"991\" data-end=\"1011\">Ki\u015fisel verileriniz;<\/p>\n<ul data-start=\"1013\" data-end=\"1143\">\n<li data-start=\"1013\" data-end=\"1058\">\n<p data-start=\"1015\" data-end=\"1058\">\u0130leti\u015fim ve randevu formlar\u0131 arac\u0131l\u0131\u011f\u0131yla<\/p>\n<\/li>\n<li data-start=\"1059\" data-end=\"1112\">\n<p data-start=\"1061\" data-end=\"1112\">Web sitesi kullan\u0131m\u0131n\u0131z s\u0131ras\u0131nda otomatik olarak<\/p>\n<\/li>\n<li data-start=\"1113\" data-end=\"1143\">\n<p data-start=\"1115\" data-end=\"1143\">\u00c7erezler (cookies) yoluyla<\/p>\n<\/li>\n<\/ul>\n<p data-start=\"1145\" data-end=\"1160\">toplanmaktad\u0131r.<\/p>\n<hr data-start=\"1162\" data-end=\"1165\" \/>\n<h2 data-start=\"1167\" data-end=\"1207\">4. Ki\u015fisel Verilerin \u0130\u015flenme Ama\u00e7lar\u0131<\/h2>\n<p data-start=\"1209\" data-end=\"1268\">Toplanan ki\u015fisel veriler a\u015fa\u011f\u0131daki ama\u00e7larla i\u015flenmektedir:<\/p>\n<ul data-start=\"1270\" data-end=\"1463\">\n<li data-start=\"1270\" data-end=\"1313\">\n<p data-start=\"1272\" data-end=\"1313\">Randevu ve servis taleplerinin al\u0131nmas\u0131<\/p>\n<\/li>\n<li data-start=\"1314\" data-end=\"1349\">\n<p data-start=\"1316\" data-end=\"1349\">M\u00fc\u015fteri ile ileti\u015fime ge\u00e7ilmesi<\/p>\n<\/li>\n<li data-start=\"1350\" data-end=\"1385\">\n<p data-start=\"1352\" data-end=\"1385\">Hizmet s\u00fcre\u00e7lerinin y\u00fcr\u00fct\u00fclmesi<\/p>\n<\/li>\n<li data-start=\"1386\" data-end=\"1418\">\n<p data-start=\"1388\" data-end=\"1418\">Site g\u00fcvenli\u011finin sa\u011flanmas\u0131<\/p>\n<\/li>\n<li data-start=\"1419\" data-end=\"1463\">\n<p data-start=\"1421\" data-end=\"1463\">Yasal y\u00fck\u00fcml\u00fcl\u00fcklerin yerine getirilmesi<\/p>\n<\/li>\n<\/ul>\n<hr data-start=\"1465\" data-end=\"1468\" \/>\n<h2 data-start=\"1470\" data-end=\"1506\">5. Ki\u015fisel Verilerin Payla\u015f\u0131lmas\u0131<\/h2>\n<p data-start=\"1508\" data-end=\"1601\">Ki\u015fisel verileriniz \u00fc\u00e7\u00fcnc\u00fc ki\u015filerle <strong data-start=\"1545\" data-end=\"1600\">sat\u0131lmaz, kiralanmaz veya ticari ama\u00e7la payla\u015f\u0131lmaz<\/strong>.<\/p>\n<p data-start=\"1603\" data-end=\"1609\">Ancak;<\/p>\n<ul data-start=\"1611\" data-end=\"1752\">\n<li data-start=\"1611\" data-end=\"1671\">\n<p data-start=\"1613\" data-end=\"1671\">Yasal y\u00fck\u00fcml\u00fcl\u00fckler kapsam\u0131nda yetkili kamu kurumlar\u0131yla<\/p>\n<\/li>\n<li data-start=\"1672\" data-end=\"1752\">\n<p data-start=\"1674\" data-end=\"1752\">Teknik hizmet al\u0131nan bar\u0131nd\u0131rma (hosting) ve e-posta servis sa\u011flay\u0131c\u0131lar\u0131yla<\/p>\n<\/li>\n<\/ul>\n<p data-start=\"1754\" data-end=\"1784\">s\u0131n\u0131rl\u0131 olarak payla\u015f\u0131labilir.<\/p>\n<hr data-start=\"1786\" data-end=\"1789\" \/>\n<h2 data-start=\"1791\" data-end=\"1815\">6. \u00c7erezler (Cookies)<\/h2>\n<p data-start=\"1817\" data-end=\"1928\">Web sitemizde kullan\u0131c\u0131 deneyimini geli\u015ftirmek ve site g\u00fcvenli\u011fini sa\u011flamak amac\u0131yla \u00e7erezler kullan\u0131lmaktad\u0131r.<\/p>\n<p data-start=\"1930\" data-end=\"1939\">\u00c7erezler;<\/p>\n<ul data-start=\"1941\" data-end=\"2033\">\n<li data-start=\"1941\" data-end=\"1973\">\n<p data-start=\"1943\" data-end=\"1973\">Site i\u015flevselli\u011fini sa\u011flamak<\/p>\n<\/li>\n<li data-start=\"1974\" data-end=\"2003\">\n<p data-start=\"1976\" data-end=\"2003\">Tercihlerinizi hat\u0131rlamak<\/p>\n<\/li>\n<li data-start=\"2004\" data-end=\"2033\">\n<p data-start=\"2006\" data-end=\"2033\">Performans analizi yapmak<\/p>\n<\/li>\n<\/ul>\n<p data-start=\"2035\" data-end=\"2062\">ama\u00e7lar\u0131yla kullan\u0131labilir.<\/p>\n<p data-start=\"2064\" data-end=\"2153\">Taray\u0131c\u0131 ayarlar\u0131n\u0131zdan \u00e7erezleri diledi\u011finiz zaman kontrol edebilir veya silebilirsiniz.<\/p>\n<hr data-start=\"2155\" data-end=\"2158\" \/>\n<h2 data-start=\"2160\" data-end=\"2198\">7. Ki\u015fisel Verilerin Saklama S\u00fcresi<\/h2>\n<p data-start=\"2200\" data-end=\"2397\">Ki\u015fisel verileriniz, i\u015flenme amac\u0131n\u0131n gerektirdi\u011fi s\u00fcre boyunca veya ilgili mevzuatta \u00f6ng\u00f6r\u00fclen s\u00fcreler kadar saklan\u0131r.<br data-start=\"2319\" data-end=\"2322\" \/>S\u00fcre sona erdi\u011finde veriler silinir, yok edilir veya anonim hale getirilir.<\/p>\n<hr data-start=\"2399\" data-end=\"2402\" \/>\n<h2 data-start=\"2404\" data-end=\"2424\">8. Veri G\u00fcvenli\u011fi<\/h2>\n<p data-start=\"2426\" data-end=\"2463\">Ki\u015fisel verilerinizin g\u00fcvenli\u011fi i\u00e7in;<\/p>\n<ul data-start=\"2465\" data-end=\"2574\">\n<li data-start=\"2465\" data-end=\"2493\">\n<p data-start=\"2467\" data-end=\"2493\">SSL g\u00fcvenlik sertifikas\u0131<\/p>\n<\/li>\n<li data-start=\"2494\" data-end=\"2545\">\n<p data-start=\"2496\" data-end=\"2545\">Yetkisiz eri\u015fime kar\u015f\u0131 teknik ve idari \u00f6nlemler<\/p>\n<\/li>\n<li data-start=\"2546\" data-end=\"2574\">\n<p data-start=\"2548\" data-end=\"2574\">G\u00fcvenli sunucu altyap\u0131s\u0131<\/p>\n<\/li>\n<\/ul>\n<p data-start=\"2576\" data-end=\"2593\">kullan\u0131lmaktad\u0131r.<\/p>\n<hr data-start=\"2595\" data-end=\"2598\" \/>\n<h2 data-start=\"2600\" data-end=\"2636\">9. Ki\u015fisel Veri Sahibinin Haklar\u0131<\/h2>\n<p data-start=\"2638\" data-end=\"2670\">KVKK\u2019n\u0131n 11. maddesi kapsam\u0131nda;<\/p>\n<ul data-start=\"2672\" data-end=\"2884\">\n<li data-start=\"2672\" data-end=\"2727\">\n<p data-start=\"2674\" data-end=\"2727\">Ki\u015fisel verilerinizin i\u015flenip i\u015flenmedi\u011fini \u00f6\u011frenme<\/p>\n<\/li>\n<li data-start=\"2728\" data-end=\"2789\">\n<p data-start=\"2730\" data-end=\"2789\">Eksik veya yanl\u0131\u015f i\u015flenen verilerin d\u00fczeltilmesini isteme<\/p>\n<\/li>\n<li data-start=\"2790\" data-end=\"2846\">\n<p data-start=\"2792\" data-end=\"2846\">Verilerin silinmesini veya yok edilmesini talep etme<\/p>\n<\/li>\n<li data-start=\"2847\" data-end=\"2884\">\n<p data-start=\"2849\" data-end=\"2884\">\u0130\u015fleme faaliyetlerine itiraz etme<\/p>\n<\/li>\n<\/ul>\n<p data-start=\"2886\" data-end=\"2907\">haklar\u0131na sahipsiniz.<\/p>\n<p data-start=\"2909\" data-end=\"3007\">Bu haklar\u0131n\u0131z\u0131 kullanmak i\u00e7in bizimle a\u015fa\u011f\u0131daki e-posta adresi \u00fczerinden ileti\u015fime ge\u00e7ebilirsiniz:<\/p>\n<p data-start=\"3009\" data-end=\"3039\">\ud83d\udce7 <strong data-start=\"3012\" data-end=\"3039\"><a class=\"decorated-link cursor-pointer\" rel=\"noopener\" data-start=\"3014\" data-end=\"3037\">info@bodursanoto.com.tr<\/a><\/strong><\/p>\n<hr data-start=\"3041\" data-end=\"3044\" \/>\n<h2 data-start=\"3046\" data-end=\"3076\">10. Politika G\u00fcncellemeleri<\/h2>\n<p data-start=\"3078\" data-end=\"3190\">Bu gizlilik politikas\u0131, gerekli g\u00f6r\u00fcld\u00fc\u011f\u00fcnde g\u00fcncellenebilir.<br data-start=\"3139\" data-end=\"3142\" \/>G\u00fcncel s\u00fcr\u00fcm her zaman web sitemizde yay\u0131nlan\u0131r.<\/p>\t\t\t\t\t\t\t\t<\/div>\n\t\t\t\t\t<\/div>\n\t\t\t\t<\/div>\n\t\t\t\t<\/div>\n\t\t","protected":false},"excerpt":{"rendered":"<p>Gizlilik Politikas\u0131 Bu gizlilik politikas\u0131, Bodursan Oto taraf\u0131ndan i\u015fletilen www.bodursanoto.com.tr web sitesi i\u00e7in ge\u00e7erlidir. 1. Veri Sorumlusu Bu web sitesi \u00fczerinden toplanan ki\u015fisel veriler,Bodursan&#8230;<\/p>\n","protected":false},"author":1,"featured_media":0,"parent":0,"menu_order":0,"comment_status":"closed","ping_status":"open","template":"","meta":{"_acf_changed":false,"footnotes":""},"class_list":["post-3","page","type-page","status-publish","hentry"],"acf":[],"_links":{"self":[{"href":"https:\/\/bodursanoto.com.tr\/index.php\/wp-json\/wp\/v2\/pages\/3","targetHints":{"allow":["GET"]}}],"collection":[{"href":"https:\/\/bodursanoto.com.tr\/index.php\/wp-json\/wp\/v2\/pages"}],"about":[{"href":"https:\/\/bodursanoto.com.tr\/index.php\/wp-json\/wp\/v2\/types\/page"}],"author":[{"embeddable":true,"href":"https:\/\/bodursanoto.com.tr\/index.php\/wp-json\/wp\/v2\/users\/1"}],"replies":[{"embeddable":true,"href":"https:\/\/bodursanoto.com.tr\/index.php\/wp-json\/wp\/v2\/comments?post=3"}],"version-history":[{"count":7,"href":"https:\/\/bodursanoto.com.tr\/index.php\/wp-json\/wp\/v2\/pages\/3\/revisions"}],"predecessor-version":[{"id":2276,"href":"https:\/\/bodursanoto.com.tr\/index.php\/wp-json\/wp\/v2\/pages\/3\/revisions\/2276"}],"wp:attachment":[{"href":"https:\/\/bodursanoto.com.tr\/index.php\/wp-json\/wp\/v2\/media?parent=3"}],"curies":[{"name":"wp","href":"https:\/\/api.w.org\/{rel}","templated":true}]}}