{"id":29,"date":"2023-11-25T13:26:13","date_gmt":"2023-11-25T13:26:13","guid":{"rendered":"https:\/\/promo-theme.com\/automate\/?page_id=29"},"modified":"2025-12-22T14:57:15","modified_gmt":"2025-12-22T14:57:15","slug":"contact-2","status":"publish","type":"page","link":"https:\/\/bodursanoto.com.tr\/index.php\/contact-2\/","title":{"rendered":"Contact"},"content":{"rendered":"\t\t<div data-elementor-type=\"wp-page\" data-elementor-id=\"29\" class=\"elementor elementor-29\" data-elementor-post-type=\"page\">\n\t\t\t\t<div class=\"elementor-element elementor-element-3946642 top-left-corner e-flex e-con-boxed e-con e-parent\" data-id=\"3946642\" data-element_type=\"container\" data-e-type=\"container\" data-settings=\"{&quot;background_background&quot;:&quot;classic&quot;}\">\n\t\t\t\t\t<div class=\"e-con-inner\">\n\t\t\t\t<div class=\"elementor-element elementor-element-7f47c75 elementor-invisible elementor-widget elementor-widget-pt-heading\" data-id=\"7f47c75\" data-element_type=\"widget\" data-e-type=\"widget\" data-settings=\"{&quot;_animation&quot;:&quot;fadeInUp&quot;}\" data-widget_type=\"pt-heading.default\">\n\t\t\t\t<div class=\"elementor-widget-container\">\n\t\t\t\t\t\n\t\t<div class=\"pt-heading text-align-center\">\n\t\t\t\t\t\t\t<p class=\"pt-heading-subtitle\">\u0130leti\u015fim<\/p>\n\t\t\t\n\t\t\t\t\t\t\t<h2 class=\"pt-heading-title h2\">\n\t\t\t\t\tG\u00fcvenilir Servis \u0130\u00e7in Bizimle \u0130leti\u015fime Ge\u00e7in\t\t\t\t<\/h2>\n\t\t\t\t\t<\/div>\n\n\t\t\t\t\t\t<\/div>\n\t\t\t\t<\/div>\n\t\t\t\t\t<\/div>\n\t\t\t\t<\/div>\n\t\t<div class=\"elementor-element elementor-element-25507cc e-flex e-con-boxed e-con e-parent\" data-id=\"25507cc\" data-element_type=\"container\" data-e-type=\"container\">\n\t\t\t\t\t<div class=\"e-con-inner\">\n\t\t<div class=\"elementor-element elementor-element-03eaab8 e-con-full e-flex e-con e-child\" data-id=\"03eaab8\" data-element_type=\"container\" data-e-type=\"container\" data-settings=\"{&quot;background_background&quot;:&quot;classic&quot;}\">\n\t\t\t\t<div class=\"elementor-element elementor-element-e7eeb9f elementor-widget elementor-widget-pt-heading\" data-id=\"e7eeb9f\" data-element_type=\"widget\" data-e-type=\"widget\" data-widget_type=\"pt-heading.default\">\n\t\t\t\t<div class=\"elementor-widget-container\">\n\t\t\t\t\t\n\t\t<div class=\"pt-heading text-align-center\">\n\t\t\t\t\t\t\t<p class=\"pt-heading-subtitle\">\u0130leti\u015fim Bilgileri<\/p>\n\t\t\t\n\t\t\t\t\t\t\t<h2 class=\"pt-heading-title h2\">\n\t\t\t\t\tBizimle \u0130leti\u015fime Ge\u00e7in\t\t\t\t<\/h2>\n\t\t\t\t\t<\/div>\n\n\t\t\t\t\t\t<\/div>\n\t\t\t\t<\/div>\n\t\t\t\t<\/div>\n\t\t\t\t\t<\/div>\n\t\t\t\t<\/div>\n\t\t<div class=\"elementor-element elementor-element-dc254fd e-flex e-con-boxed elementor-invisible e-con e-parent\" data-id=\"dc254fd\" data-element_type=\"container\" data-e-type=\"container\" data-settings=\"{&quot;animation&quot;:&quot;fadeInUp&quot;}\">\n\t\t\t\t\t<div class=\"e-con-inner\">\n\t\t\t\t<div class=\"elementor-element elementor-element-dcf2511 elementor-widget elementor-widget-pt-icon-box\" data-id=\"dcf2511\" data-element_type=\"widget\" data-e-type=\"widget\" data-settings=\"{&quot;cols_tablet&quot;:&quot;1&quot;,&quot;cols&quot;:&quot;4&quot;,&quot;layout&quot;:&quot;grid&quot;,&quot;cols_mobile&quot;:1,&quot;gap&quot;:30,&quot;style&quot;:&quot;top&quot;,&quot;arrows_position&quot;:&quot;default&quot;}\" data-widget_type=\"pt-icon-box.default\">\n\t\t\t\t<div class=\"elementor-widget-container\">\n\t\t\t\t\t\n\t\t<div class=\"pt-icon-boxes layout-grid style-top shape-circle   arrows-default arrows-align-\">\n\t\t\t\n\t\t\t\n\t\t\t\t\n\t\t\t\t\n\t\t\t\t<div class=\"pt-icon-box\">\n\n\t\t\t\t\t\n\t\t\t\t\t\t\n\t\t<div class=\"pt-icon-box-icon\">\n\t\t\t\n\t\t\t\t<i aria-hidden=\"true\" class=\"pticon pticon-location\"><\/i>\n\t\t\t\t\t<\/div>\n\n\t\t\t\t\t\t\t\t\t\t\t\t\t\t\n\t\t<div class=\"pt-icon-box-title\">\n\t\t\t\t\t\t\t<a href=\"https:\/\/share.google\/Sp7ZmyCSBUb3bJde7\">\n\t\t\t\n\t\t\tAdres\n\t\t\t\t\t\t\t<\/a>\n\t\t\t\t\t<\/div>\n\n\t\t\t\t\t\t\t\t\n\t\t<div class=\"pt-icon-box-text\">\n\t\t\tMaltepe, Davutpa\u015fa Cad. Y\u0131lanl\u0131 Ayazma Yolu Kar\u0131nca \u0130\u015f Merkezi 6\/19-22, 34010 Zeytinburnu\/\u0130stanbul\t\t<\/div>\n\n\t\t\t\t\t\t\t\t\n\t\t\t\t\t\n\t\t\t\t<\/div>\n\n\t\t\t\t\n\t\t\t\n\t\t\t\t\n\t\t\t\t\n\t\t\t\t<div class=\"pt-icon-box\">\n\n\t\t\t\t\t\n\t\t\t\t\t\t\n\t\t<div class=\"pt-icon-box-icon\">\n\t\t\t\n\t\t\t\t<i aria-hidden=\"true\" class=\"pticon pticon-phone\"><\/i>\n\t\t\t\t\t<\/div>\n\n\t\t\t\t\t\t\t\t\t\t\t\t\t\t\n\t\t<div class=\"pt-icon-box-title\">\n\t\t\t\t\t\t\t<a href=\"tel:+902124818186\">\n\t\t\t\n\t\t\tTelefon\n\t\t\t\t\t\t\t<\/a>\n\t\t\t\t\t<\/div>\n\n\t\t\t\t\t\t\t\t\n\t\t<div class=\"pt-icon-box-text\">\n\t\t\t+90 212 481 81 86<br \/>\n\t\t<\/div>\n\n\t\t\t\t\t\t\t\t\n\t\t\t\t\t\n\t\t\t\t<\/div>\n\n\t\t\t\t\n\t\t\t\n\t\t\t\t\n\t\t\t\t\n\t\t\t\t<div class=\"pt-icon-box\">\n\n\t\t\t\t\t\n\t\t\t\t\t\t\n\t\t<div class=\"pt-icon-box-icon\">\n\t\t\t\n\t\t\t\t<svg aria-hidden=\"true\" class=\"e-font-icon-svg e-fab-whatsapp\" viewBox=\"0 0 448 512\" xmlns=\"http:\/\/www.w3.org\/2000\/svg\"><path d=\"M380.9 97.1C339 55.1 283.2 32 223.9 32c-122.4 0-222 99.6-222 222 0 39.1 10.2 77.3 29.6 111L0 480l117.7-30.9c32.4 17.7 68.9 27 106.1 27h.1c122.3 0 224.1-99.6 224.1-222 0-59.3-25.2-115-67.1-157zm-157 341.6c-33.2 0-65.7-8.9-94-25.7l-6.7-4-69.8 18.3L72 359.2l-4.4-7c-18.5-29.4-28.2-63.3-28.2-98.2 0-101.7 82.8-184.5 184.6-184.5 49.3 0 95.6 19.2 130.4 54.1 34.8 34.9 56.2 81.2 56.1 130.5 0 101.8-84.9 184.6-186.6 184.6zm101.2-138.2c-5.5-2.8-32.8-16.2-37.9-18-5.1-1.9-8.8-2.8-12.5 2.8-3.7 5.6-14.3 18-17.6 21.8-3.2 3.7-6.5 4.2-12 1.4-32.6-16.3-54-29.1-75.5-66-5.7-9.8 5.7-9.1 16.3-30.3 1.8-3.7.9-6.9-.5-9.7-1.4-2.8-12.5-30.1-17.1-41.2-4.5-10.8-9.1-9.3-12.5-9.5-3.2-.2-6.9-.2-10.6-.2-3.7 0-9.7 1.4-14.8 6.9-5.1 5.6-19.4 19-19.4 46.3 0 27.3 19.9 53.7 22.6 57.4 2.8 3.7 39.1 59.7 94.8 83.8 35.2 15.2 49 16.5 66.6 13.9 10.7-1.6 32.8-13.4 37.4-26.4 4.6-13 4.6-24.1 3.2-26.4-1.3-2.5-5-3.9-10.5-6.6z\"><\/path><\/svg>\n\t\t\t\t\t<\/div>\n\n\t\t\t\t\t\t\t\t\t\t\t\t\t\t\n\t\t<div class=\"pt-icon-box-title\">\n\t\t\t\t\t\t\t<a href=\"https:\/\/wa.me\/905335749634\">\n\t\t\t\n\t\t\tWhatsApp\n\t\t\t\t\t\t\t<\/a>\n\t\t\t\t\t<\/div>\n\n\t\t\t\t\t\t\t\t\n\t\t<div class=\"pt-icon-box-text\">\n\t\t\t+90 533 574 96 34\t\t<\/div>\n\n\t\t\t\t\t\t\t\t\n\t\t\t\t\t\n\t\t\t\t<\/div>\n\n\t\t\t\t\n\t\t\t\n\t\t\t\t\n\t\t\t\t\n\t\t\t\t<div class=\"pt-icon-box\">\n\n\t\t\t\t\t\n\t\t\t\t\t\t\n\t\t<div class=\"pt-icon-box-icon\">\n\t\t\t\n\t\t\t\t<i aria-hidden=\"true\" class=\"pticon pticon-envelope\"><\/i>\n\t\t\t\t\t<\/div>\n\n\t\t\t\t\t\t\t\t\t\t\t\t\t\t\n\t\t<div class=\"pt-icon-box-title\">\n\t\t\t\t\t\t\t<a href=\"mailto:iletisim@bodursanoto.com.tr\">\n\t\t\t\n\t\t\tE-Posta\n\t\t\t\t\t\t\t<\/a>\n\t\t\t\t\t<\/div>\n\n\t\t\t\t\t\t\t\t\n\t\t<div class=\"pt-icon-box-text\">\n\t\t\tiletisim@bodursanoto.com.tr\t\t<\/div>\n\n\t\t\t\t\t\t\t\t\n\t\t\t\t\t\n\t\t\t\t<\/div>\n\n\t\t\t\t\n\t\t\t\n\t\t\t\n\t\t\t\t\t<\/div>\n\n\t\t\n\t\t\t\t\t\t<\/div>\n\t\t\t\t<\/div>\n\t\t\t\t\t<\/div>\n\t\t\t\t<\/div>\n\t\t<div class=\"elementor-element elementor-element-5e5c83a e-flex e-con-boxed e-con e-parent\" data-id=\"5e5c83a\" data-element_type=\"container\" data-e-type=\"container\" data-settings=\"{&quot;background_background&quot;:&quot;classic&quot;}\">\n\t\t\t\t\t<div class=\"e-con-inner\">\n\t\t<div class=\"elementor-element elementor-element-167c789 e-flex e-con-boxed e-con e-child\" data-id=\"167c789\" data-element_type=\"container\" data-e-type=\"container\" data-settings=\"{&quot;background_background&quot;:&quot;classic&quot;}\">\n\t\t\t\t\t<div class=\"e-con-inner\">\n\t\t\t\t\t<\/div>\n\t\t\t\t<\/div>\n\t\t<div class=\"elementor-element elementor-element-3c342ce e-flex e-con-boxed e-con e-child\" data-id=\"3c342ce\" data-element_type=\"container\" data-e-type=\"container\">\n\t\t\t\t\t<div class=\"e-con-inner\">\n\t\t\t\t<div class=\"elementor-element elementor-element-6f222e8 elementor-widget elementor-widget-pt-heading\" data-id=\"6f222e8\" data-element_type=\"widget\" data-e-type=\"widget\" id=\"form\" data-widget_type=\"pt-heading.default\">\n\t\t\t\t<div class=\"elementor-widget-container\">\n\t\t\t\t\t\n\t\t<div class=\"pt-heading text-align-center\">\n\t\t\t\t\t\t\t<p class=\"pt-heading-subtitle\">\u0130leti\u015fim Formu<\/p>\n\t\t\t\n\t\t\t\t\t\t\t<h2 class=\"pt-heading-title h2\">\n\t\t\t\t\tFormu Doldurun En K\u0131sa S\u00fcrede Sizi Arayal\u0131m\t\t\t\t<\/h2>\n\t\t\t\t\t<\/div>\n\n\t\t\t\t\t\t<\/div>\n\t\t\t\t<\/div>\n\t\t\t\t<div class=\"elementor-element elementor-element-0e89ceb elementor-invisible elementor-widget elementor-widget-pt-contact-form-7\" data-id=\"0e89ceb\" data-element_type=\"widget\" data-e-type=\"widget\" data-settings=\"{&quot;_animation&quot;:&quot;fadeIn&quot;}\" data-widget_type=\"pt-contact-form-7.default\">\n\t\t\t\t<div class=\"elementor-widget-container\">\n\t\t\t\t\t\n\t\t\t<div class=\"pt-contact-form-7\">\n\t\t\t\t\n<div class=\"wpcf7 no-js\" id=\"wpcf7-f1957-o1\" lang=\"en-US\" dir=\"ltr\" data-wpcf7-id=\"1957\">\n<div class=\"screen-reader-response\"><p role=\"status\" aria-live=\"polite\" aria-atomic=\"true\"><\/p> <ul><\/ul><\/div>\n<form action=\"\/index.php\/wp-json\/wp\/v2\/pages\/29#wpcf7-f1957-o1\" method=\"post\" class=\"wpcf7-form init\" aria-label=\"Contact form\" novalidate=\"novalidate\" data-status=\"init\">\n<fieldset class=\"hidden-fields-container\"><input type=\"hidden\" name=\"_wpcf7\" value=\"1957\" \/><input type=\"hidden\" name=\"_wpcf7_version\" value=\"6.1.5\" \/><input type=\"hidden\" name=\"_wpcf7_locale\" value=\"en_US\" \/><input type=\"hidden\" name=\"_wpcf7_unit_tag\" value=\"wpcf7-f1957-o1\" \/><input type=\"hidden\" name=\"_wpcf7_container_post\" value=\"0\" \/><input type=\"hidden\" name=\"_wpcf7_posted_data_hash\" value=\"\" \/>\n<\/fieldset>\n<div class=\"row\">\n\t<div class=\"col-12 col-md-6 mb-4\">\n\t\t<p><label>Ad Soyad<\/label><br \/>\n<span class=\"wpcf7-form-control-wrap\" data-name=\"your-name\"><input size=\"40\" maxlength=\"400\" class=\"wpcf7-form-control wpcf7-text wpcf7-validates-as-required dark-input\" autocomplete=\"name\" aria-required=\"true\" aria-invalid=\"false\" placeholder=\"Ad Soyad\" value=\"\" type=\"text\" name=\"your-name\" \/><\/span>\n\t\t<\/p>\n\t<\/div>\n\t<div class=\"col-12 col-md-6 mb-4\">\n\t\t<p><label>Telefon<\/label><br \/>\n<span class=\"wpcf7-form-control-wrap\" data-name=\"your-phone\"><input size=\"40\" maxlength=\"400\" class=\"wpcf7-form-control wpcf7-tel wpcf7-validates-as-required wpcf7-text wpcf7-validates-as-tel dark-input\" autocomplete=\"tel\" aria-required=\"true\" aria-invalid=\"false\" placeholder=\"05xx xxx xx xx\" value=\"\" type=\"tel\" name=\"your-phone\" \/><\/span>\n\t\t<\/p>\n\t<\/div>\n<\/div>\n<div class=\"row\">\n\t<div class=\"col-12 col-md-6 mb-4\">\n\t\t<p><label>E-posta (Opsiyonel)<\/label><br \/>\n<span class=\"wpcf7-form-control-wrap\" data-name=\"your-email\"><input size=\"40\" maxlength=\"400\" class=\"wpcf7-form-control wpcf7-email wpcf7-text wpcf7-validates-as-email dark-input\" autocomplete=\"email\" aria-invalid=\"false\" placeholder=\"ornek@mail.com\" value=\"\" type=\"email\" name=\"your-email\" \/><\/span>\n\t\t<\/p>\n\t<\/div>\n\t<div class=\"col-12 col-md-6 mb-4\">\n\t\t<p><label>Ara\u00e7 Bilgisi (Marka \/ Model \/ Y\u0131l)<\/label><br \/>\n<span class=\"wpcf7-form-control-wrap\" data-name=\"vehicle-info\"><input size=\"40\" maxlength=\"400\" class=\"wpcf7-form-control wpcf7-text dark-input\" aria-invalid=\"false\" placeholder=\"\u00d6rn: BMW 320i \/ 2018\" value=\"\" type=\"text\" name=\"vehicle-info\" \/><\/span>\n\t\t<\/p>\n\t<\/div>\n<\/div>\n<div class=\"row\">\n\t<div class=\"col-12 mb-4\">\n\t\t<p><label>Mesaj\u0131n\u0131z<\/label><br \/>\n<span class=\"wpcf7-form-control-wrap\" data-name=\"your-message\"><textarea cols=\"40\" rows=\"3\" maxlength=\"2000\" class=\"wpcf7-form-control wpcf7-textarea dark-input\" aria-invalid=\"false\" placeholder=\"Ar\u0131za \/ talebinizi k\u0131saca yaz\u0131n\u0131z\" name=\"your-message\"><\/textarea><\/span>\n\t\t<\/p>\n\t<\/div>\n<\/div><p style=\"display: none !important;\" class=\"akismet-fields-container\" data-prefix=\"_wpcf7_ak_\"><label>&#916;<textarea name=\"_wpcf7_ak_hp_textarea\" cols=\"45\" rows=\"8\" maxlength=\"100\"><\/textarea><\/label><input type=\"hidden\" id=\"ak_js_1\" name=\"_wpcf7_ak_js\" value=\"112\"\/><script>document.getElementById( \"ak_js_1\" ).setAttribute( \"value\", ( new Date() ).getTime() );<\/script><\/p><div class=\"wpcf7-response-output\" aria-hidden=\"true\"><\/div>\n<\/form>\n<\/div>\n\t\t\t<\/div>\n\n\t\t\t\t\t\t<\/div>\n\t\t\t\t<\/div>\n\t\t\t\t\t<\/div>\n\t\t\t\t<\/div>\n\t\t\t\t\t<\/div>\n\t\t\t\t<\/div>\n\t\t\t\t<\/div>\n\t\t","protected":false},"excerpt":{"rendered":"<p>\u0130leti\u015fim G\u00fcvenilir Servis \u0130\u00e7in Bizimle \u0130leti\u015fime Ge\u00e7in \u0130leti\u015fim Bilgileri Bizimle \u0130leti\u015fime Ge\u00e7in Adres Maltepe, Davutpa\u015fa Cad. Y\u0131lanl\u0131 Ayazma Yolu Kar\u0131nca \u0130\u015f Merkezi 6\/19-22, 34010&#8230;<\/p>\n","protected":false},"author":1,"featured_media":0,"parent":0,"menu_order":0,"comment_status":"closed","ping_status":"closed","template":"","meta":{"_acf_changed":false,"footnotes":""},"class_list":["post-29","page","type-page","status-publish","hentry"],"acf":[],"_links":{"self":[{"href":"https:\/\/bodursanoto.com.tr\/index.php\/wp-json\/wp\/v2\/pages\/29","targetHints":{"allow":["GET"]}}],"collection":[{"href":"https:\/\/bodursanoto.com.tr\/index.php\/wp-json\/wp\/v2\/pages"}],"about":[{"href":"https:\/\/bodursanoto.com.tr\/index.php\/wp-json\/wp\/v2\/types\/page"}],"author":[{"embeddable":true,"href":"https:\/\/bodursanoto.com.tr\/index.php\/wp-json\/wp\/v2\/users\/1"}],"replies":[{"embeddable":true,"href":"https:\/\/bodursanoto.com.tr\/index.php\/wp-json\/wp\/v2\/comments?post=29"}],"version-history":[{"count":74,"href":"https:\/\/bodursanoto.com.tr\/index.php\/wp-json\/wp\/v2\/pages\/29\/revisions"}],"predecessor-version":[{"id":2346,"href":"https:\/\/bodursanoto.com.tr\/index.php\/wp-json\/wp\/v2\/pages\/29\/revisions\/2346"}],"wp:attachment":[{"href":"https:\/\/bodursanoto.com.tr\/index.php\/wp-json\/wp\/v2\/media?parent=29"}],"curies":[{"name":"wp","href":"https:\/\/api.w.org\/{rel}","templated":true}]}}