{"id":25,"date":"2023-11-25T13:25:45","date_gmt":"2023-11-25T13:25:45","guid":{"rendered":"https:\/\/promo-theme.com\/automate\/?page_id=25"},"modified":"2025-12-20T20:20:05","modified_gmt":"2025-12-20T20:20:05","slug":"services-2","status":"publish","type":"page","link":"https:\/\/bodursanoto.com.tr\/index.php\/services-2\/","title":{"rendered":"Services"},"content":{"rendered":"\t\t<div data-elementor-type=\"wp-page\" data-elementor-id=\"25\" class=\"elementor elementor-25\" data-elementor-post-type=\"page\">\n\t\t\t\t<div class=\"elementor-element elementor-element-d889a4d e-flex e-con-boxed e-con e-parent\" data-id=\"d889a4d\" data-element_type=\"container\" data-e-type=\"container\" data-settings=\"{&quot;background_background&quot;:&quot;classic&quot;}\">\n\t\t\t\t\t<div class=\"e-con-inner\">\n\t\t\t\t<div class=\"elementor-element elementor-element-01fff46 elementor-widget__width-initial elementor-invisible elementor-widget elementor-widget-pt-heading\" data-id=\"01fff46\" data-element_type=\"widget\" data-e-type=\"widget\" data-settings=\"{&quot;_animation&quot;:&quot;fadeInUp&quot;}\" data-widget_type=\"pt-heading.default\">\n\t\t\t\t<div class=\"elementor-widget-container\">\n\t\t\t\t\t\n\t\t<div class=\"pt-heading text-align-center\">\n\t\t\t\t\t\t\t<p class=\"pt-heading-subtitle\">Hizmetlerimiz<\/p>\n\t\t\t\n\t\t\t\t\t\t\t<h1 class=\"pt-heading-title h2\">\n\t\t\t\t\tPremium Ara\u00e7lar\u0131n\u0131z \u0130\u00e7in G\u00fcvenilir Servis \u00c7\u00f6z\u00fcmleri\t\t\t\t<\/h1>\n\t\t\t\t\t<\/div>\n\n\t\t\t\t\t\t<\/div>\n\t\t\t\t<\/div>\n\t\t<div class=\"elementor-element elementor-element-35e0998 e-con-full e-flex e-con e-child\" data-id=\"35e0998\" data-element_type=\"container\" data-e-type=\"container\" data-settings=\"{&quot;background_background&quot;:&quot;classic&quot;}\">\n\t\t\t\t<\/div>\n\t\t\t\t\t<\/div>\n\t\t\t\t<\/div>\n\t\t<div class=\"elementor-element elementor-element-44f4c7c e-flex e-con-boxed e-con e-parent\" data-id=\"44f4c7c\" data-element_type=\"container\" data-e-type=\"container\">\n\t\t\t\t\t<div class=\"e-con-inner\">\n\t\t\t\t<div class=\"elementor-element elementor-element-179a97d elementor-invisible elementor-widget elementor-widget-pt-services\" data-id=\"179a97d\" data-element_type=\"widget\" data-e-type=\"widget\" data-settings=\"{&quot;_animation&quot;:&quot;fadeInUp&quot;,&quot;layout&quot;:&quot;grid&quot;,&quot;cols&quot;:3,&quot;cols_tablet&quot;:2,&quot;cols_mobile&quot;:1,&quot;gap&quot;:30,&quot;arrows_position&quot;:&quot;default&quot;}\" data-widget_type=\"pt-services.default\">\n\t\t\t\t<div class=\"elementor-widget-container\">\n\t\t\t\t\t\n\t\t<div class=\"pt-services  layout-grid arrows-default arrows-align-\">\n\t\t\t\n\t\t\t\n\t\t\t\t\n\t\t\t\t<div class=\"pt-service\">\n\n\t\t\t\t\t\n\t\t<div class=\"pt-service-image\">\n\t\t\t<img fetchpriority=\"high\" decoding=\"async\" width=\"858\" height=\"858\" src=\"https:\/\/bodursanoto.com.tr\/wp-content\/uploads\/2023\/12\/automate-107.webp\" class=\"attachment-full size-full\" alt=\"\" srcset=\"https:\/\/bodursanoto.com.tr\/wp-content\/uploads\/2023\/12\/automate-107.webp 858w, https:\/\/bodursanoto.com.tr\/wp-content\/uploads\/2023\/12\/automate-107-300x300.webp 300w, https:\/\/bodursanoto.com.tr\/wp-content\/uploads\/2023\/12\/automate-107-150x150.webp 150w, https:\/\/bodursanoto.com.tr\/wp-content\/uploads\/2023\/12\/automate-107-768x768.webp 768w\" sizes=\"(max-width: 858px) 100vw, 858px\" \/>\t\t<\/div>\n\n\t\t\n\t\t\t\t\t<div class=\"pt-service-caption\">\n\t\t\t\t\t\t<div class=\"top\">\n\t\t\t\t\t\t\t\n\t\t<div class=\"pt-service-subtitle\">\n\t\t\tOto Servis Hizmetleri\t\t<\/div>\n\n\t\t\t\t\t\t\t\t\t\t\t\t\t\t\t<\/div>\n\t\t\t\t\t\t\n\t\t<div class=\"pt-service-title\">\n\t\t\t\n\t\t\tKaporta &amp; Boya Hizmetleri\n\t\t\t\t\t<\/div>\n\n\t\t\t\t\t\t\t\t\n\t\t<div class=\"pt-service-text \">\n\t\t\t<div>\n\t\t\t\tAra\u00e7 g\u00f6vdesindeki \u00e7izik, g\u00f6\u00e7\u00fck ve hasarlar profesyonel ekipmanlarla onar\u0131l\u0131r.<br \/>\nOrijinal boya kalitesine uygun, kusursuz kaporta ve boya i\u015flemleri sunuyoruz.\t\t\t<\/div>\n\t\t<\/div>\n\n\t\t\t\t\t\t\t\t\t\t\t\t\t<\/div>\n\n\t\t\t\t\t\n\t\t\t\t<\/div>\n\n\t\t\t\t\n\t\t\t\n\t\t\t\t\n\t\t\t\t<div class=\"pt-service\">\n\n\t\t\t\t\t\n\t\t<div class=\"pt-service-image\">\n\t\t\t<img decoding=\"async\" width=\"784\" height=\"820\" src=\"https:\/\/bodursanoto.com.tr\/wp-content\/uploads\/2023\/11\/automate-10.webp\" class=\"attachment-full size-full\" alt=\"\" srcset=\"https:\/\/bodursanoto.com.tr\/wp-content\/uploads\/2023\/11\/automate-10.webp 784w, https:\/\/bodursanoto.com.tr\/wp-content\/uploads\/2023\/11\/automate-10-287x300.webp 287w, https:\/\/bodursanoto.com.tr\/wp-content\/uploads\/2023\/11\/automate-10-768x803.webp 768w\" sizes=\"(max-width: 784px) 100vw, 784px\" \/>\t\t<\/div>\n\n\t\t\n\t\t\t\t\t<div class=\"pt-service-caption\">\n\t\t\t\t\t\t<div class=\"top\">\n\t\t\t\t\t\t\t\n\t\t<div class=\"pt-service-subtitle\">\n\t\t\tOto Servis Hizmetleri\t\t<\/div>\n\n\t\t\t\t\t\t\t\t\t\t\t\t\t\t\t<\/div>\n\t\t\t\t\t\t\n\t\t<div class=\"pt-service-title\">\n\t\t\t\n\t\t\tAra\u00e7 Kaplama (PPF &amp; Folyo Kaplama)\n\t\t\t\t\t<\/div>\n\n\t\t\t\t\t\t\t\t\n\t\t<div class=\"pt-service-text  pt-service-text \">\n\t\t\t<div>\n\t\t\t\tArac\u0131n\u0131z\u0131n g\u00f6r\u00fcn\u00fcm\u00fcn\u00fc yenileyen ve boyas\u0131n\u0131 koruyan kaplama \u00e7\u00f6z\u00fcmleri sunuyoruz.<br \/>\nPPF ve folyo kaplama ile estetik ve uzun \u00f6m\u00fcrl\u00fc koruma sa\u011fl\u0131yoruz.\t\t\t<\/div>\n\t\t<\/div>\n\n\t\t\t\t\t\t\t\t\t\t\t\t\t<\/div>\n\n\t\t\t\t\t\n\t\t\t\t<\/div>\n\n\t\t\t\t\n\t\t\t\n\t\t\t\t\n\t\t\t\t<div class=\"pt-service\">\n\n\t\t\t\t\t\n\t\t<div class=\"pt-service-image\">\n\t\t\t<img decoding=\"async\" width=\"1200\" height=\"1000\" src=\"https:\/\/bodursanoto.com.tr\/wp-content\/uploads\/2025\/12\/electrical-issues.webp\" class=\"attachment-full size-full\" alt=\"\" srcset=\"https:\/\/bodursanoto.com.tr\/wp-content\/uploads\/2025\/12\/electrical-issues.webp 1200w, https:\/\/bodursanoto.com.tr\/wp-content\/uploads\/2025\/12\/electrical-issues-300x250.webp 300w, https:\/\/bodursanoto.com.tr\/wp-content\/uploads\/2025\/12\/electrical-issues-1024x853.webp 1024w, https:\/\/bodursanoto.com.tr\/wp-content\/uploads\/2025\/12\/electrical-issues-768x640.webp 768w\" sizes=\"(max-width: 1200px) 100vw, 1200px\" \/>\t\t<\/div>\n\n\t\t\n\t\t\t\t\t<div class=\"pt-service-caption\">\n\t\t\t\t\t\t<div class=\"top\">\n\t\t\t\t\t\t\t\n\t\t<div class=\"pt-service-subtitle\">\n\t\t\tOto Servis Hizmetleri\t\t<\/div>\n\n\t\t\t\t\t\t\t\t\t\t\t\t\t\t\t<\/div>\n\t\t\t\t\t\t\n\t\t<div class=\"pt-service-title\">\n\t\t\t\n\t\t\tAr\u0131za Tespit &amp; Diagnostik\n\t\t\t\t\t<\/div>\n\n\t\t\t\t\t\t\t\t\n\t\t<div class=\"pt-service-text  pt-service-text  pt-service-text \">\n\t\t\t<div>\n\t\t\t\tGeli\u015fmi\u015f ar\u0131za tespit cihazlar\u0131yla arac\u0131n\u0131zdaki sorunlar\u0131 h\u0131zl\u0131ca belirliyoruz.<br \/>\nGereksiz par\u00e7a de\u011fi\u015fimi olmadan do\u011fru ve net \u00e7\u00f6z\u00fcmler sunuyoruz.\t\t\t<\/div>\n\t\t<\/div>\n\n\t\t\t\t\t\t\t\t\t\t\t\t\t<\/div>\n\n\t\t\t\t\t\n\t\t\t\t<\/div>\n\n\t\t\t\t\n\t\t\t\n\t\t\t\t\n\t\t\t\t<div class=\"pt-service\">\n\n\t\t\t\t\t\n\t\t<div class=\"pt-service-image\">\n\t\t\t<img loading=\"lazy\" decoding=\"async\" width=\"1920\" height=\"1080\" src=\"https:\/\/bodursanoto.com.tr\/wp-content\/uploads\/2025\/12\/car-repair.webp\" class=\"attachment-full size-full\" alt=\"\" srcset=\"https:\/\/bodursanoto.com.tr\/wp-content\/uploads\/2025\/12\/car-repair.webp 1920w, https:\/\/bodursanoto.com.tr\/wp-content\/uploads\/2025\/12\/car-repair-300x169.webp 300w, https:\/\/bodursanoto.com.tr\/wp-content\/uploads\/2025\/12\/car-repair-1024x576.webp 1024w, https:\/\/bodursanoto.com.tr\/wp-content\/uploads\/2025\/12\/car-repair-768x432.webp 768w, https:\/\/bodursanoto.com.tr\/wp-content\/uploads\/2025\/12\/car-repair-1536x864.webp 1536w\" sizes=\"(max-width: 1920px) 100vw, 1920px\" \/>\t\t<\/div>\n\n\t\t\n\t\t\t\t\t<div class=\"pt-service-caption\">\n\t\t\t\t\t\t<div class=\"top\">\n\t\t\t\t\t\t\t\n\t\t<div class=\"pt-service-subtitle\">\n\t\t\tOto Servis Hizmetleri\t\t<\/div>\n\n\t\t\t\t\t\t\t\t\t\t\t\t\t\t\t<\/div>\n\t\t\t\t\t\t\n\t\t<div class=\"pt-service-title\">\n\t\t\t\n\t\t\tMekanik Onar\u0131m\n\t\t\t\t\t<\/div>\n\n\t\t\t\t\t\t\t\t\n\t\t<div class=\"pt-service-text  pt-service-text  pt-service-text  pt-service-text \">\n\t\t\t<div>\n\t\t\t\tMotor, s\u00fcspansiyon, fren ve aktarma organlar\u0131 dahil t\u00fcm mekanik ar\u0131zalar uzman ekibimiz taraf\u0131ndan onar\u0131l\u0131r.<br \/>\nG\u00fcvenli ve uzun \u00f6m\u00fcrl\u00fc s\u00fcr\u00fc\u015f i\u00e7in do\u011fru m\u00fcdahaleler sunuyoruz.\t\t\t<\/div>\n\t\t<\/div>\n\n\t\t\t\t\t\t\t\t\t\t\t\t\t<\/div>\n\n\t\t\t\t\t\n\t\t\t\t<\/div>\n\n\t\t\t\t\n\t\t\t\n\t\t\t\t\n\t\t\t\t<div class=\"pt-service\">\n\n\t\t\t\t\t\n\t\t<div class=\"pt-service-image\">\n\t\t\t<img loading=\"lazy\" decoding=\"async\" width=\"784\" height=\"720\" src=\"https:\/\/bodursanoto.com.tr\/wp-content\/uploads\/2023\/12\/automate-33.webp\" class=\"attachment-full size-full\" alt=\"\" srcset=\"https:\/\/bodursanoto.com.tr\/wp-content\/uploads\/2023\/12\/automate-33.webp 784w, https:\/\/bodursanoto.com.tr\/wp-content\/uploads\/2023\/12\/automate-33-300x276.webp 300w, https:\/\/bodursanoto.com.tr\/wp-content\/uploads\/2023\/12\/automate-33-768x705.webp 768w\" sizes=\"(max-width: 784px) 100vw, 784px\" \/>\t\t<\/div>\n\n\t\t\n\t\t\t\t\t<div class=\"pt-service-caption\">\n\t\t\t\t\t\t<div class=\"top\">\n\t\t\t\t\t\t\t\n\t\t<div class=\"pt-service-subtitle\">\n\t\t\tOto Servis Hizmetleri\t\t<\/div>\n\n\t\t\t\t\t\t\t\t\t\t\t\t\t\t\t<\/div>\n\t\t\t\t\t\t\n\t\t<div class=\"pt-service-title\">\n\t\t\t\n\t\t\tElektrik &amp; Elektronik Onar\u0131m\n\t\t\t\t\t<\/div>\n\n\t\t\t\t\t\t\t\t\n\t\t<div class=\"pt-service-text  pt-service-text  pt-service-text  pt-service-text  pt-service-text \">\n\t\t\t<div>\n\t\t\t\tAk\u00fc, \u015farj sistemi, ayd\u0131nlatma ve elektronik ar\u0131zalarda profesyonel \u00e7\u00f6z\u00fcmler sunuyoruz.<br \/>\nArac\u0131n\u0131z\u0131n t\u00fcm elektrik sistemleri titizlikle kontrol edilir.\t\t\t<\/div>\n\t\t<\/div>\n\n\t\t\t\t\t\t\t\t\t\t\t\t\t<\/div>\n\n\t\t\t\t\t\n\t\t\t\t<\/div>\n\n\t\t\t\t\n\t\t\t\n\t\t\t\t\n\t\t\t\t<div class=\"pt-service\">\n\n\t\t\t\t\t\n\t\t<div class=\"pt-service-image\">\n\t\t\t<img loading=\"lazy\" decoding=\"async\" width=\"1500\" height=\"755\" src=\"https:\/\/bodursanoto.com.tr\/wp-content\/uploads\/2025\/12\/Caralarmbenefits-1920w.webp\" class=\"attachment-full size-full\" alt=\"\" srcset=\"https:\/\/bodursanoto.com.tr\/wp-content\/uploads\/2025\/12\/Caralarmbenefits-1920w.webp 1500w, https:\/\/bodursanoto.com.tr\/wp-content\/uploads\/2025\/12\/Caralarmbenefits-1920w-300x151.webp 300w, https:\/\/bodursanoto.com.tr\/wp-content\/uploads\/2025\/12\/Caralarmbenefits-1920w-1024x515.webp 1024w, https:\/\/bodursanoto.com.tr\/wp-content\/uploads\/2025\/12\/Caralarmbenefits-1920w-768x387.webp 768w\" sizes=\"(max-width: 1500px) 100vw, 1500px\" \/>\t\t<\/div>\n\n\t\t\n\t\t\t\t\t<div class=\"pt-service-caption\">\n\t\t\t\t\t\t<div class=\"top\">\n\t\t\t\t\t\t\t\n\t\t<div class=\"pt-service-subtitle\">\n\t\t\tOto Servis Hizmetleri\t\t<\/div>\n\n\t\t\t\t\t\t\t\t\t\t\t\t\t\t\t<\/div>\n\t\t\t\t\t\t\n\t\t<div class=\"pt-service-title\">\n\t\t\t\n\t\t\tAlarm &amp; G\u00fcvenlik Sistemleri\n\t\t\t\t\t<\/div>\n\n\t\t\t\t\t\t\t\t\n\t\t<div class=\"pt-service-text  pt-service-text  pt-service-text  pt-service-text  pt-service-text  pt-service-text \">\n\t\t\t<div>\n\t\t\t\tArac\u0131n\u0131z i\u00e7in alarm ve g\u00fcvenlik sistemleri profesyonel \u015fekilde monte edilir.<br \/>\nYetkisiz m\u00fcdahalelere kar\u015f\u0131 maksimum koruma sa\u011flan\u0131r.\t\t\t<\/div>\n\t\t<\/div>\n\n\t\t\t\t\t\t\t\t\t\t\t\t\t<\/div>\n\n\t\t\t\t\t\n\t\t\t\t<\/div>\n\n\t\t\t\t\n\t\t\t\n\t\t\t\n\t\t\t\t\t<\/div>\n\n\t\t\n\t\t\n\t\t\t\t\t\t<\/div>\n\t\t\t\t<\/div>\n\t\t\t\t\t<\/div>\n\t\t\t\t<\/div>\n\t\t<div class=\"elementor-element elementor-element-7d6d27b e-flex e-con-boxed e-con e-parent\" data-id=\"7d6d27b\" data-element_type=\"container\" data-e-type=\"container\" data-settings=\"{&quot;background_background&quot;:&quot;classic&quot;}\">\n\t\t\t\t\t<div class=\"e-con-inner\">\n\t\t\t\t<div class=\"elementor-element elementor-element-9cd1816 elementor-widget elementor-widget-pt-heading\" data-id=\"9cd1816\" data-element_type=\"widget\" data-e-type=\"widget\" data-widget_type=\"pt-heading.default\">\n\t\t\t\t<div class=\"elementor-widget-container\">\n\t\t\t\t\t\n\t\t<div class=\"pt-heading text-align-left\">\n\t\t\t\t\t\t\t<p class=\"pt-heading-subtitle\">Ad\u0131m Ad\u0131m Hizmet S\u00fcreci<\/p>\n\t\t\t\n\t\t\t\t\t\t\t<h2 class=\"pt-heading-title h2\">\n\t\t\t\t\tHer \u0130htiyaca Uygun Servis ve Onar\u0131m \u00c7\u00f6z\u00fcmleri\t\t\t\t<\/h2>\n\t\t\t\t\t<\/div>\n\n\t\t\t\t\t\t<\/div>\n\t\t\t\t<\/div>\n\t\t\t\t<div class=\"elementor-element elementor-element-6ddc6e3 elementor-widget elementor-widget-pt-icon-box\" data-id=\"6ddc6e3\" data-element_type=\"widget\" data-e-type=\"widget\" data-settings=\"{&quot;layout&quot;:&quot;carousel&quot;,&quot;loop&quot;:&quot;yes&quot;,&quot;cols&quot;:3,&quot;cols_tablet&quot;:2,&quot;cols_mobile&quot;:1,&quot;gap&quot;:30,&quot;style&quot;:&quot;top&quot;,&quot;arrows&quot;:&quot;yes&quot;,&quot;arrows_position&quot;:&quot;default&quot;}\" data-widget_type=\"pt-icon-box.default\">\n\t\t\t\t<div class=\"elementor-widget-container\">\n\t\t\t\t\t\n\t\t<div class=\"pt-icon-boxes layout-carousel style-top shape-default   arrows-default arrows-align-\">\n\t\t\t\t\t\t\t<div class=\"swiper\"><div class=\"swiper-wrapper\">\n\t\t\t\n\t\t\t\n\t\t\t\t\n\t\t\t\t\t\t\t\t\t<div class=\"swiper-slide\">\n\t\t\t\t\n\t\t\t\t<div class=\"pt-icon-box\">\n\n\t\t\t\t\t\n\t\t\t\t\t\t\t\t\t\t\t\t\n\t\t<div class=\"pt-icon-box-subtitle\">\n\t\t\t<span>Step 1<\/span>\n\t\t<\/div>\n\n\t\t\t\t\t\t\t\t\n\t\t<div class=\"pt-icon-box-title\">\n\t\t\t\n\t\t\tAr\u0131za Tespiti\n\t\t\t\t\t<\/div>\n\n\t\t\t\t\t\t\t\t\n\t\t<div class=\"pt-icon-box-text\">\n\t\t\tArac\u0131n\u0131z detayl\u0131 \u015fekilde kontrol edilir, mekanik ve elektronik ar\u0131zalar profesyonel ekipmanlarla tespit edilir.\t\t<\/div>\n\n\t\t\t\t\t\t\t\t\n\t\t\t\t\t\n\t\t\t\t<\/div>\n\n\t\t\t\t\t\t\t\t\t<\/div>\n\t\t\t\t\n\t\t\t\n\t\t\t\t\n\t\t\t\t\t\t\t\t\t<div class=\"swiper-slide\">\n\t\t\t\t\n\t\t\t\t<div class=\"pt-icon-box\">\n\n\t\t\t\t\t\n\t\t\t\t\t\t\t\t\t\t\t\t\n\t\t<div class=\"pt-icon-box-subtitle\">\n\t\t\t<span>Step 2<\/span>\n\t\t<\/div>\n\n\t\t\t\t\t\t\t\t\n\t\t<div class=\"pt-icon-box-title\">\n\t\t\t\n\t\t\tDo\u011fru \u00c7\u00f6z\u00fcm ve Planlama\n\t\t\t\t\t<\/div>\n\n\t\t\t\t\t\t\t\t\n\t\t<div class=\"pt-icon-box-text\">\n\t\t\tTespit edilen ar\u0131zaya g\u00f6re gerekli i\u015flemler belirlenir, kaliteli par\u00e7a ve do\u011fru onar\u0131m y\u00f6ntemi planlan\u0131r.\t\t<\/div>\n\n\t\t\t\t\t\t\t\t\n\t\t\t\t\t\n\t\t\t\t<\/div>\n\n\t\t\t\t\t\t\t\t\t<\/div>\n\t\t\t\t\n\t\t\t\n\t\t\t\t\n\t\t\t\t\t\t\t\t\t<div class=\"swiper-slide\">\n\t\t\t\t\n\t\t\t\t<div class=\"pt-icon-box\">\n\n\t\t\t\t\t\n\t\t\t\t\t\t\t\t\t\t\t\t\n\t\t<div class=\"pt-icon-box-subtitle\">\n\t\t\t<span>Step 3<\/span>\n\t\t<\/div>\n\n\t\t\t\t\t\t\t\t\n\t\t<div class=\"pt-icon-box-title\">\n\t\t\t\n\t\t\tOnar\u0131m ve Teslim\n\t\t\t\t\t<\/div>\n\n\t\t\t\t\t\t\t\t\n\t\t<div class=\"pt-icon-box-text\">\n\t\t\tOnar\u0131m i\u015flemleri titizlikle tamamlan\u0131r, arac\u0131n\u0131z g\u00fcvenli ve sorunsuz \u015fekilde size teslim edilir.\t\t<\/div>\n\n\t\t\t\t\t\t\t\t\n\t\t\t\t\t\n\t\t\t\t<\/div>\n\n\t\t\t\t\t\t\t\t\t<\/div>\n\t\t\t\t\n\t\t\t\n\t\t\t\t\t\t\t<\/div><\/div>\n\t\t\t\n\t\t\t\t\t\t\t<div class=\"pt-swiper-arrows\"><div class=\"pt-swiper-button-prev\"><\/div><div class=\"pt-swiper-button-next\"><\/div><\/div>\t\t\t\t\t<\/div>\n\n\t\t\n\t\t\t\t\t\t<\/div>\n\t\t\t\t<\/div>\n\t\t\t\t\t<\/div>\n\t\t\t\t<\/div>\n\t\t<div class=\"elementor-element elementor-element-3076a3c e-flex e-con-boxed e-con e-parent\" data-id=\"3076a3c\" data-element_type=\"container\" data-e-type=\"container\">\n\t\t\t\t\t<div class=\"e-con-inner\">\n\t\t\t\t<div class=\"elementor-element elementor-element-9e2e08a elementor-widget elementor-widget-pt-heading\" data-id=\"9e2e08a\" data-element_type=\"widget\" data-e-type=\"widget\" data-widget_type=\"pt-heading.default\">\n\t\t\t\t<div class=\"elementor-widget-container\">\n\t\t\t\t\t\n\t\t<div class=\"pt-heading text-align-center\">\n\t\t\t\n\t\t\t\t\t\t\t<h2 class=\"pt-heading-title h2\">\n\t\t\t\t\tArac\u0131n\u0131zdan Daha Fazla Performans Al\u0131n\t\t\t\t<\/h2>\n\t\t\t\t\t<\/div>\n\n\t\t\t\t\t\t<\/div>\n\t\t\t\t<\/div>\n\t\t\t\t<div class=\"elementor-element elementor-element-1065af7 elementor-widget__width-initial elementor-invisible elementor-widget elementor-widget-text-editor\" data-id=\"1065af7\" data-element_type=\"widget\" data-e-type=\"widget\" data-settings=\"{&quot;_animation&quot;:&quot;fadeIn&quot;}\" data-widget_type=\"text-editor.default\">\n\t\t\t\t\t\t\t\t\t<p>Periyodik bak\u0131m, fren bak\u0131mlar\u0131 ve kapsaml\u0131 motor onar\u0131mlar\u0131na kadar t\u00fcm i\u015flemleri profesyonel \u015fekilde ger\u00e7ekle\u015ftiriyoruz.<br data-start=\"775\" data-end=\"778\" \/>Y\u00fcksek kaliteli par\u00e7a ve ekipmanlar kullanarak arac\u0131n\u0131z\u0131n en iyi performansta \u00e7al\u0131\u015fmas\u0131n\u0131 sa\u011fl\u0131yoruz.<br data-start=\"881\" data-end=\"884\" \/>T\u00fcm marka ve modellerde deneyimli ekibimizle g\u00fcvenilir hizmet sunuyoruz.<\/p>\t\t\t\t\t\t\t\t<\/div>\n\t\t\t\t\t<\/div>\n\t\t\t\t<\/div>\n\t\t<div class=\"elementor-element elementor-element-e18b2e7 e-flex e-con-boxed e-con e-parent\" data-id=\"e18b2e7\" data-element_type=\"container\" data-e-type=\"container\" data-settings=\"{&quot;background_background&quot;:&quot;classic&quot;}\">\n\t\t\t\t\t<div class=\"e-con-inner\">\n\t\t<div class=\"elementor-element elementor-element-5997c81 e-flex e-con-boxed e-con e-child\" data-id=\"5997c81\" data-element_type=\"container\" data-e-type=\"container\" data-settings=\"{&quot;background_background&quot;:&quot;classic&quot;}\">\n\t\t\t\t\t<div class=\"e-con-inner\">\n\t\t\t\t\t<\/div>\n\t\t\t\t<\/div>\n\t\t\t\t<div class=\"elementor-element elementor-element-6bef7a9 elementor-widget__width-initial elementor-widget elementor-widget-pt-heading\" data-id=\"6bef7a9\" data-element_type=\"widget\" data-e-type=\"widget\" id=\"form\" data-widget_type=\"pt-heading.default\">\n\t\t\t\t<div class=\"elementor-widget-container\">\n\t\t\t\t\t\n\t\t<div class=\"pt-heading text-align-left\">\n\t\t\t\t\t\t\t<p class=\"pt-heading-subtitle\">Randevu Al<\/p>\n\t\t\t\n\t\t\t\t\t\t\t<h2 class=\"pt-heading-title h2\">\n\t\t\t\t\tArac\u0131n\u0131z i\u00e7in en do\u011fru servis ve \u00e7\u00f6z\u00fcm\u00fc birlikte belirleyelim.\t\t\t\t<\/h2>\n\t\t\t\t\t<\/div>\n\n\t\t\t\t\t\t<\/div>\n\t\t\t\t<\/div>\n\t\t\t\t<div class=\"elementor-element elementor-element-c4af9dc elementor-invisible elementor-widget elementor-widget-pt-contact-form-7\" data-id=\"c4af9dc\" data-element_type=\"widget\" data-e-type=\"widget\" data-settings=\"{&quot;_animation&quot;:&quot;fadeIn&quot;}\" data-widget_type=\"pt-contact-form-7.default\">\n\t\t\t\t<div class=\"elementor-widget-container\">\n\t\t\t\t\t\n\t\t\t<div class=\"pt-contact-form-7\">\n\t\t\t\t\n<div class=\"wpcf7 no-js\" id=\"wpcf7-f1957-o1\" lang=\"en-US\" dir=\"ltr\" data-wpcf7-id=\"1957\">\n<div class=\"screen-reader-response\"><p role=\"status\" aria-live=\"polite\" aria-atomic=\"true\"><\/p> <ul><\/ul><\/div>\n<form action=\"\/index.php\/wp-json\/wp\/v2\/pages\/25#wpcf7-f1957-o1\" method=\"post\" class=\"wpcf7-form init\" aria-label=\"Contact form\" novalidate=\"novalidate\" data-status=\"init\">\n<fieldset class=\"hidden-fields-container\"><input type=\"hidden\" name=\"_wpcf7\" value=\"1957\" \/><input type=\"hidden\" name=\"_wpcf7_version\" value=\"6.1.5\" \/><input type=\"hidden\" name=\"_wpcf7_locale\" value=\"en_US\" \/><input type=\"hidden\" name=\"_wpcf7_unit_tag\" value=\"wpcf7-f1957-o1\" \/><input type=\"hidden\" name=\"_wpcf7_container_post\" value=\"0\" \/><input type=\"hidden\" name=\"_wpcf7_posted_data_hash\" value=\"\" \/>\n<\/fieldset>\n<div class=\"row\">\n\t<div class=\"col-12 col-md-6 mb-4\">\n\t\t<p><label>Ad Soyad<\/label><br \/>\n<span class=\"wpcf7-form-control-wrap\" data-name=\"your-name\"><input size=\"40\" maxlength=\"400\" class=\"wpcf7-form-control wpcf7-text wpcf7-validates-as-required dark-input\" autocomplete=\"name\" aria-required=\"true\" aria-invalid=\"false\" placeholder=\"Ad Soyad\" value=\"\" type=\"text\" name=\"your-name\" \/><\/span>\n\t\t<\/p>\n\t<\/div>\n\t<div class=\"col-12 col-md-6 mb-4\">\n\t\t<p><label>Telefon<\/label><br \/>\n<span class=\"wpcf7-form-control-wrap\" data-name=\"your-phone\"><input size=\"40\" maxlength=\"400\" class=\"wpcf7-form-control wpcf7-tel wpcf7-validates-as-required wpcf7-text wpcf7-validates-as-tel dark-input\" autocomplete=\"tel\" aria-required=\"true\" aria-invalid=\"false\" placeholder=\"05xx xxx xx xx\" value=\"\" type=\"tel\" name=\"your-phone\" \/><\/span>\n\t\t<\/p>\n\t<\/div>\n<\/div>\n<div class=\"row\">\n\t<div class=\"col-12 col-md-6 mb-4\">\n\t\t<p><label>E-posta (Opsiyonel)<\/label><br \/>\n<span class=\"wpcf7-form-control-wrap\" data-name=\"your-email\"><input size=\"40\" maxlength=\"400\" class=\"wpcf7-form-control wpcf7-email wpcf7-text wpcf7-validates-as-email dark-input\" autocomplete=\"email\" aria-invalid=\"false\" placeholder=\"ornek@mail.com\" value=\"\" type=\"email\" name=\"your-email\" \/><\/span>\n\t\t<\/p>\n\t<\/div>\n\t<div class=\"col-12 col-md-6 mb-4\">\n\t\t<p><label>Ara\u00e7 Bilgisi (Marka \/ Model \/ Y\u0131l)<\/label><br \/>\n<span class=\"wpcf7-form-control-wrap\" data-name=\"vehicle-info\"><input size=\"40\" maxlength=\"400\" class=\"wpcf7-form-control wpcf7-text dark-input\" aria-invalid=\"false\" placeholder=\"\u00d6rn: BMW 320i \/ 2018\" value=\"\" type=\"text\" name=\"vehicle-info\" \/><\/span>\n\t\t<\/p>\n\t<\/div>\n<\/div>\n<div class=\"row\">\n\t<div class=\"col-12 mb-4\">\n\t\t<p><label>Mesaj\u0131n\u0131z<\/label><br \/>\n<span class=\"wpcf7-form-control-wrap\" data-name=\"your-message\"><textarea cols=\"40\" rows=\"3\" maxlength=\"2000\" class=\"wpcf7-form-control wpcf7-textarea dark-input\" aria-invalid=\"false\" placeholder=\"Ar\u0131za \/ talebinizi k\u0131saca yaz\u0131n\u0131z\" name=\"your-message\"><\/textarea><\/span>\n\t\t<\/p>\n\t<\/div>\n<\/div><p style=\"display: none !important;\" class=\"akismet-fields-container\" data-prefix=\"_wpcf7_ak_\"><label>&#916;<textarea name=\"_wpcf7_ak_hp_textarea\" cols=\"45\" rows=\"8\" maxlength=\"100\"><\/textarea><\/label><input type=\"hidden\" id=\"ak_js_1\" name=\"_wpcf7_ak_js\" value=\"61\"\/><script>document.getElementById( \"ak_js_1\" ).setAttribute( \"value\", ( new Date() ).getTime() );<\/script><\/p><div class=\"wpcf7-response-output\" aria-hidden=\"true\"><\/div>\n<\/form>\n<\/div>\n\t\t\t<\/div>\n\n\t\t\t\t\t\t<\/div>\n\t\t\t\t<\/div>\n\t\t\t\t\t<\/div>\n\t\t\t\t<\/div>\n\t\t\t\t<\/div>\n\t\t","protected":false},"excerpt":{"rendered":"<p>Hizmetlerimiz Premium Ara\u00e7lar\u0131n\u0131z \u0130\u00e7in G\u00fcvenilir Servis \u00c7\u00f6z\u00fcmleri Oto Servis Hizmetleri Kaporta &amp; Boya Hizmetleri Ara\u00e7 g\u00f6vdesindeki \u00e7izik, g\u00f6\u00e7\u00fck ve hasarlar profesyonel ekipmanlarla onar\u0131l\u0131r. Orijinal&#8230;<\/p>\n","protected":false},"author":1,"featured_media":0,"parent":0,"menu_order":0,"comment_status":"closed","ping_status":"closed","template":"","meta":{"_acf_changed":false,"footnotes":""},"class_list":["post-25","page","type-page","status-publish","hentry"],"acf":[],"_links":{"self":[{"href":"https:\/\/bodursanoto.com.tr\/index.php\/wp-json\/wp\/v2\/pages\/25","targetHints":{"allow":["GET"]}}],"collection":[{"href":"https:\/\/bodursanoto.com.tr\/index.php\/wp-json\/wp\/v2\/pages"}],"about":[{"href":"https:\/\/bodursanoto.com.tr\/index.php\/wp-json\/wp\/v2\/types\/page"}],"author":[{"embeddable":true,"href":"https:\/\/bodursanoto.com.tr\/index.php\/wp-json\/wp\/v2\/users\/1"}],"replies":[{"embeddable":true,"href":"https:\/\/bodursanoto.com.tr\/index.php\/wp-json\/wp\/v2\/comments?post=25"}],"version-history":[{"count":41,"href":"https:\/\/bodursanoto.com.tr\/index.php\/wp-json\/wp\/v2\/pages\/25\/revisions"}],"predecessor-version":[{"id":2261,"href":"https:\/\/bodursanoto.com.tr\/index.php\/wp-json\/wp\/v2\/pages\/25\/revisions\/2261"}],"wp:attachment":[{"href":"https:\/\/bodursanoto.com.tr\/index.php\/wp-json\/wp\/v2\/media?parent=25"}],"curies":[{"name":"wp","href":"https:\/\/api.w.org\/{rel}","templated":true}]}}