{"id":23,"date":"2023-11-25T13:25:34","date_gmt":"2023-11-25T13:25:34","guid":{"rendered":"https:\/\/promo-theme.com\/automate\/?page_id=23"},"modified":"2025-12-20T20:16:15","modified_gmt":"2025-12-20T20:16:15","slug":"about","status":"publish","type":"page","link":"https:\/\/bodursanoto.com.tr\/index.php\/about\/","title":{"rendered":"About"},"content":{"rendered":"\t\t<div data-elementor-type=\"wp-page\" data-elementor-id=\"23\" class=\"elementor elementor-23\" data-elementor-post-type=\"page\">\n\t\t\t\t<div class=\"elementor-element elementor-element-a6aa98a e-flex e-con-boxed e-con e-parent\" data-id=\"a6aa98a\" data-element_type=\"container\" data-e-type=\"container\" data-settings=\"{&quot;background_background&quot;:&quot;classic&quot;}\">\n\t\t\t\t\t<div class=\"e-con-inner\">\n\t\t\t\t<div class=\"elementor-element elementor-element-d4ee378 elementor-widget__width-initial elementor-invisible elementor-widget elementor-widget-pt-heading\" data-id=\"d4ee378\" data-element_type=\"widget\" data-e-type=\"widget\" data-settings=\"{&quot;_animation&quot;:&quot;fadeInUp&quot;}\" data-widget_type=\"pt-heading.default\">\n\t\t\t\t<div class=\"elementor-widget-container\">\n\t\t\t\t\t\n\t\t<div class=\"pt-heading text-align-center\">\n\t\t\t\t\t\t\t<p class=\"pt-heading-subtitle\">Hakk\u0131m\u0131zda<\/p>\n\t\t\t\n\t\t\t\t\t\t\t<h1 class=\"pt-heading-title h2\">\n\t\t\t\t\tBodursan Oto<br \/>\nPremium \u00d6zel Servis\t\t\t\t<\/h1>\n\t\t\t\t\t<\/div>\n\n\t\t\t\t\t\t<\/div>\n\t\t\t\t<\/div>\n\t\t\t\t<div class=\"elementor-element elementor-element-9983297 elementor-widget__width-initial elementor-invisible elementor-widget elementor-widget-text-editor\" data-id=\"9983297\" data-element_type=\"widget\" data-e-type=\"widget\" data-settings=\"{&quot;_animation&quot;:&quot;fadeInUp&quot;,&quot;_animation_delay&quot;:300}\" data-widget_type=\"text-editor.default\">\n\t\t\t\t\t\t\t\t\t<h6>Bodursan Oto; bak\u0131m, onar\u0131m ve ar\u0131za tespitinde kalite, \u015feffafl\u0131k ve m\u00fc\u015fteri memnuniyetini esas alan premium \u00f6zel servistir.<\/h6>\t\t\t\t\t\t\t\t<\/div>\n\t\t<div class=\"elementor-element elementor-element-7a62b1d e-con-full e-flex e-con e-child\" data-id=\"7a62b1d\" data-element_type=\"container\" data-e-type=\"container\" data-settings=\"{&quot;background_background&quot;:&quot;classic&quot;}\">\n\t\t\t\t<\/div>\n\t\t\t\t\t<\/div>\n\t\t\t\t<\/div>\n\t\t<div class=\"elementor-element elementor-element-eb05d99 e-flex e-con-boxed e-con e-parent\" data-id=\"eb05d99\" data-element_type=\"container\" data-e-type=\"container\">\n\t\t\t\t\t<div class=\"e-con-inner\">\n\t\t<div class=\"elementor-element elementor-element-f090823 e-con-full e-flex elementor-invisible e-con e-child\" data-id=\"f090823\" data-element_type=\"container\" data-e-type=\"container\" data-settings=\"{&quot;animation&quot;:&quot;fadeInLeft&quot;}\">\n\t\t\t\t<div class=\"elementor-element elementor-element-d215df9 elementor-widget elementor-widget-pt-heading\" data-id=\"d215df9\" data-element_type=\"widget\" data-e-type=\"widget\" data-widget_type=\"pt-heading.default\">\n\t\t\t\t<div class=\"elementor-widget-container\">\n\t\t\t\t\t\n\t\t<div class=\"pt-heading text-align-left\">\n\t\t\t\t\t\t\t<p class=\"pt-heading-subtitle\">Hakk\u0131m\u0131zda<\/p>\n\t\t\t\n\t\t\t\t\t\t\t<h2 class=\"pt-heading-title h2\">\n\t\t\t\t\tPremium ara\u00e7lar, s\u0131radan bir servis anlay\u0131\u015f\u0131na emanet edilemez.\t\t\t\t<\/h2>\n\t\t\t\t\t<\/div>\n\n\t\t\t\t\t\t<\/div>\n\t\t\t\t<\/div>\n\t\t\t\t<div class=\"elementor-element elementor-element-6cd2f49 elementor-widget elementor-widget-text-editor\" data-id=\"6cd2f49\" data-element_type=\"widget\" data-e-type=\"widget\" data-widget_type=\"text-editor.default\">\n\t\t\t\t\t\t\t\t\t<p data-start=\"269\" data-end=\"540\">Bodursan Oto, ad\u0131n\u0131 k\u00f6klerinden alan; eme\u011fi, ustal\u0131\u011f\u0131 ve i\u015f ahlak\u0131n\u0131 merkezine koyan bir otomobil servis markas\u0131d\u0131r.<br \/><br data-start=\"385\" data-end=\"388\" \/>Soyad\u0131m\u0131z <strong data-start=\"398\" data-end=\"407\">Bodur<\/strong>\u2026<br \/><br data-start=\"408\" data-end=\"411\" \/>Bu isim bizim i\u00e7in sadece bir aile ad\u0131 de\u011fil; d\u00fcr\u00fcstl\u00fck, \u00e7al\u0131\u015fkanl\u0131k ve yapt\u0131\u011f\u0131 i\u015fin arkas\u0131nda durma k\u00fclt\u00fcr\u00fcn\u00fcn bir yans\u0131mas\u0131d\u0131r.<\/p><p data-start=\"542\" data-end=\"674\">Y\u0131llar i\u00e7inde edindi\u011fimiz tecr\u00fcbe bize \u015funu \u00e7ok net g\u00f6sterdi:<br data-start=\"603\" data-end=\"606\" \/><strong>Premium ara\u00e7lar, s\u0131radan bir servis anlay\u0131\u015f\u0131na emanet edilemez.<\/strong><\/p><p data-start=\"676\" data-end=\"744\">Bu bilin\u00e7le Bodursan Oto\u2019yu kurarken hedefimiz ba\u015f\u0131ndan beri nettir:<\/p><ul data-start=\"746\" data-end=\"927\"><li data-start=\"746\" data-end=\"781\"><p data-start=\"748\" data-end=\"781\">Do\u011fru ve eksiksiz ar\u0131za te\u015fhisi<\/p><\/li><li data-start=\"782\" data-end=\"842\"><p data-start=\"784\" data-end=\"842\">\u00dcretici ve distrib\u00fct\u00f6r onayl\u0131 par\u00e7a ve ekipman kullan\u0131m\u0131<\/p><\/li><li data-start=\"843\" data-end=\"878\"><p data-start=\"845\" data-end=\"878\">\u015eeffaf ve g\u00fcven veren fiyatlama<\/p><\/li><li data-start=\"879\" data-end=\"927\"><p data-start=\"881\" data-end=\"927\">Yap\u0131lan i\u015fin her a\u015famas\u0131nda sorumluluk almak<\/p><\/li><\/ul><p data-start=\"929\" data-end=\"1141\">BMW, MINI, Land Rover, Range Rover, Porsche, Audi ve Mercedes-Benz ba\u015fta olmak \u00fczere premium segment ara\u00e7lara; <strong data-start=\"1040\" data-end=\"1074\">yetkili servis standartlar\u0131nda<\/strong>, ancak daha ula\u015f\u0131labilir ve samimi bir anlay\u0131\u015fla hizmet sunuyoruz.<\/p><p data-start=\"1143\" data-end=\"1424\">Ekibimiz, alan\u0131nda uzman ve tecr\u00fcbeli teknisyenlerden olu\u015fur. S\u00fcrekli e\u011fitimlerle kendimizi geli\u015ftirir, yeni teknolojileri ve \u00fcretici g\u00fcncellemelerini yak\u0131ndan takip ederiz. \u00c7\u00fcnk\u00fc bize g\u00f6re iyi bir servis olmak, yaln\u0131zca arac\u0131 de\u011fil, <strong data-start=\"1377\" data-end=\"1412\">m\u00fc\u015fterinin g\u00fcvenini de korumay\u0131<\/strong> gerektirir.<\/p><p data-start=\"1426\" data-end=\"1581\">Bodursan Oto\u2019da her ara\u00e7, kendi arac\u0131m\u0131z gibi ele al\u0131n\u0131r.<br data-start=\"1483\" data-end=\"1486\" \/>Her i\u015f, \u201cnas\u0131l daha ucuz olur?\u201d sorusuyla de\u011fil, <strong data-start=\"1535\" data-end=\"1561\">\u201cnas\u0131l do\u011fru yap\u0131l\u0131r?\u201d<\/strong> anlay\u0131\u015f\u0131yla ba\u015flar.<\/p><p data-start=\"1583\" data-end=\"1662\"><strong>K\u00f6klerimizden ald\u0131\u011f\u0131m\u0131z g\u00fc\u00e7le, bug\u00fcn oldu\u011fu gibi gelece\u011fe de g\u00fcvenle bak\u0131yoruz.<\/strong><\/p><p data-start=\"1583\" data-end=\"1662\">\u00a0<\/p>\t\t\t\t\t\t\t\t<\/div>\n\t\t\t\t<\/div>\n\t\t<div class=\"elementor-element elementor-element-aa67e74 e-con-full e-flex elementor-invisible e-con e-child\" data-id=\"aa67e74\" data-element_type=\"container\" data-e-type=\"container\" data-settings=\"{&quot;animation&quot;:&quot;fadeInRight&quot;,&quot;animation_delay&quot;:300}\">\n\t\t\t\t<div class=\"elementor-element elementor-element-a5b9cfd elementor-widget elementor-widget-image\" data-id=\"a5b9cfd\" data-element_type=\"widget\" data-e-type=\"widget\" data-widget_type=\"image.default\">\n\t\t\t\t\t\t\t\t\t\t\t\t\t\t\t<img fetchpriority=\"high\" decoding=\"async\" width=\"1176\" height=\"1176\" src=\"https:\/\/bodursanoto.com.tr\/wp-content\/uploads\/2023\/11\/automate-103.webp\" class=\"attachment-full size-full wp-image-1653\" alt=\"\" srcset=\"https:\/\/bodursanoto.com.tr\/wp-content\/uploads\/2023\/11\/automate-103.webp 1176w, https:\/\/bodursanoto.com.tr\/wp-content\/uploads\/2023\/11\/automate-103-300x300.webp 300w, https:\/\/bodursanoto.com.tr\/wp-content\/uploads\/2023\/11\/automate-103-1024x1024.webp 1024w, https:\/\/bodursanoto.com.tr\/wp-content\/uploads\/2023\/11\/automate-103-150x150.webp 150w, https:\/\/bodursanoto.com.tr\/wp-content\/uploads\/2023\/11\/automate-103-768x768.webp 768w\" sizes=\"(max-width: 1176px) 100vw, 1176px\" \/>\t\t\t\t\t\t\t\t\t\t\t\t\t\t\t<\/div>\n\t\t\t\t<\/div>\n\t\t\t\t\t<\/div>\n\t\t\t\t<\/div>\n\t\t<div class=\"elementor-element elementor-element-8be5f0e e-flex e-con-boxed e-con e-parent\" data-id=\"8be5f0e\" data-element_type=\"container\" data-e-type=\"container\" id=\"form\" data-settings=\"{&quot;background_background&quot;:&quot;classic&quot;}\">\n\t\t\t\t\t<div class=\"e-con-inner\">\n\t\t<div class=\"elementor-element elementor-element-232329e e-flex e-con-boxed elementor-invisible e-con e-child\" data-id=\"232329e\" data-element_type=\"container\" data-e-type=\"container\" data-settings=\"{&quot;animation&quot;:&quot;fadeInUp&quot;}\">\n\t\t\t\t\t<div class=\"e-con-inner\">\n\t\t\t\t<div class=\"elementor-element elementor-element-e22e4c9 elementor-widget elementor-widget-pt-heading\" data-id=\"e22e4c9\" data-element_type=\"widget\" data-e-type=\"widget\" data-widget_type=\"pt-heading.default\">\n\t\t\t\t<div class=\"elementor-widget-container\">\n\t\t\t\t\t\n\t\t<div class=\"pt-heading text-align-left\">\n\t\t\t\n\t\t\t\t\t\t\t<h2 class=\"pt-heading-title h2\">\n\t\t\t\t\tRandevu Talep Formu\t\t\t\t<\/h2>\n\t\t\t\t\t<\/div>\n\n\t\t\t\t\t\t<\/div>\n\t\t\t\t<\/div>\n\t\t\t\t<div class=\"elementor-element elementor-element-c2a5a00 elementor-widget elementor-widget-pt-contact-form-7\" data-id=\"c2a5a00\" data-element_type=\"widget\" data-e-type=\"widget\" data-widget_type=\"pt-contact-form-7.default\">\n\t\t\t\t<div class=\"elementor-widget-container\">\n\t\t\t\t\t\n\t\t\t<div class=\"pt-contact-form-7\">\n\t\t\t\t\n<div class=\"wpcf7 no-js\" id=\"wpcf7-f1957-o1\" lang=\"en-US\" dir=\"ltr\" data-wpcf7-id=\"1957\">\n<div class=\"screen-reader-response\"><p role=\"status\" aria-live=\"polite\" aria-atomic=\"true\"><\/p> <ul><\/ul><\/div>\n<form action=\"\/index.php\/wp-json\/wp\/v2\/pages\/23#wpcf7-f1957-o1\" method=\"post\" class=\"wpcf7-form init\" aria-label=\"Contact form\" novalidate=\"novalidate\" data-status=\"init\">\n<fieldset class=\"hidden-fields-container\"><input type=\"hidden\" name=\"_wpcf7\" value=\"1957\" \/><input type=\"hidden\" name=\"_wpcf7_version\" value=\"6.1.5\" \/><input type=\"hidden\" name=\"_wpcf7_locale\" value=\"en_US\" \/><input type=\"hidden\" name=\"_wpcf7_unit_tag\" value=\"wpcf7-f1957-o1\" \/><input type=\"hidden\" name=\"_wpcf7_container_post\" value=\"0\" \/><input type=\"hidden\" name=\"_wpcf7_posted_data_hash\" value=\"\" \/>\n<\/fieldset>\n<div class=\"row\">\n\t<div class=\"col-12 col-md-6 mb-4\">\n\t\t<p><label>Ad Soyad<\/label><br \/>\n<span class=\"wpcf7-form-control-wrap\" data-name=\"your-name\"><input size=\"40\" maxlength=\"400\" class=\"wpcf7-form-control wpcf7-text wpcf7-validates-as-required dark-input\" autocomplete=\"name\" aria-required=\"true\" aria-invalid=\"false\" placeholder=\"Ad Soyad\" value=\"\" type=\"text\" name=\"your-name\" \/><\/span>\n\t\t<\/p>\n\t<\/div>\n\t<div class=\"col-12 col-md-6 mb-4\">\n\t\t<p><label>Telefon<\/label><br \/>\n<span class=\"wpcf7-form-control-wrap\" data-name=\"your-phone\"><input size=\"40\" maxlength=\"400\" class=\"wpcf7-form-control wpcf7-tel wpcf7-validates-as-required wpcf7-text wpcf7-validates-as-tel dark-input\" autocomplete=\"tel\" aria-required=\"true\" aria-invalid=\"false\" placeholder=\"05xx xxx xx xx\" value=\"\" type=\"tel\" name=\"your-phone\" \/><\/span>\n\t\t<\/p>\n\t<\/div>\n<\/div>\n<div class=\"row\">\n\t<div class=\"col-12 col-md-6 mb-4\">\n\t\t<p><label>E-posta (Opsiyonel)<\/label><br \/>\n<span class=\"wpcf7-form-control-wrap\" data-name=\"your-email\"><input size=\"40\" maxlength=\"400\" class=\"wpcf7-form-control wpcf7-email wpcf7-text wpcf7-validates-as-email dark-input\" autocomplete=\"email\" aria-invalid=\"false\" placeholder=\"ornek@mail.com\" value=\"\" type=\"email\" name=\"your-email\" \/><\/span>\n\t\t<\/p>\n\t<\/div>\n\t<div class=\"col-12 col-md-6 mb-4\">\n\t\t<p><label>Ara\u00e7 Bilgisi (Marka \/ Model \/ Y\u0131l)<\/label><br \/>\n<span class=\"wpcf7-form-control-wrap\" data-name=\"vehicle-info\"><input size=\"40\" maxlength=\"400\" class=\"wpcf7-form-control wpcf7-text dark-input\" aria-invalid=\"false\" placeholder=\"\u00d6rn: BMW 320i \/ 2018\" value=\"\" type=\"text\" name=\"vehicle-info\" \/><\/span>\n\t\t<\/p>\n\t<\/div>\n<\/div>\n<div class=\"row\">\n\t<div class=\"col-12 mb-4\">\n\t\t<p><label>Mesaj\u0131n\u0131z<\/label><br \/>\n<span class=\"wpcf7-form-control-wrap\" data-name=\"your-message\"><textarea cols=\"40\" rows=\"3\" maxlength=\"2000\" class=\"wpcf7-form-control wpcf7-textarea dark-input\" aria-invalid=\"false\" placeholder=\"Ar\u0131za \/ talebinizi k\u0131saca yaz\u0131n\u0131z\" name=\"your-message\"><\/textarea><\/span>\n\t\t<\/p>\n\t<\/div>\n<\/div><p style=\"display: none !important;\" class=\"akismet-fields-container\" data-prefix=\"_wpcf7_ak_\"><label>&#916;<textarea name=\"_wpcf7_ak_hp_textarea\" cols=\"45\" rows=\"8\" maxlength=\"100\"><\/textarea><\/label><input type=\"hidden\" id=\"ak_js_1\" name=\"_wpcf7_ak_js\" value=\"223\"\/><script>document.getElementById( \"ak_js_1\" ).setAttribute( \"value\", ( new Date() ).getTime() );<\/script><\/p><div class=\"wpcf7-response-output\" aria-hidden=\"true\"><\/div>\n<\/form>\n<\/div>\n\t\t\t<\/div>\n\n\t\t\t\t\t\t<\/div>\n\t\t\t\t<\/div>\n\t\t\t\t\t<\/div>\n\t\t\t\t<\/div>\n\t\t\t\t\t<\/div>\n\t\t\t\t<\/div>\n\t\t\t\t<\/div>\n\t\t","protected":false},"excerpt":{"rendered":"<p>Hakk\u0131m\u0131zda Bodursan Oto Premium \u00d6zel Servis Bodursan Oto; bak\u0131m, onar\u0131m ve ar\u0131za tespitinde kalite, \u015feffafl\u0131k ve m\u00fc\u015fteri memnuniyetini esas alan premium \u00f6zel servistir. Hakk\u0131m\u0131zda&#8230;<\/p>\n","protected":false},"author":1,"featured_media":0,"parent":0,"menu_order":0,"comment_status":"closed","ping_status":"closed","template":"","meta":{"_acf_changed":false,"footnotes":""},"class_list":["post-23","page","type-page","status-publish","hentry"],"acf":[],"_links":{"self":[{"href":"https:\/\/bodursanoto.com.tr\/index.php\/wp-json\/wp\/v2\/pages\/23","targetHints":{"allow":["GET"]}}],"collection":[{"href":"https:\/\/bodursanoto.com.tr\/index.php\/wp-json\/wp\/v2\/pages"}],"about":[{"href":"https:\/\/bodursanoto.com.tr\/index.php\/wp-json\/wp\/v2\/types\/page"}],"author":[{"embeddable":true,"href":"https:\/\/bodursanoto.com.tr\/index.php\/wp-json\/wp\/v2\/users\/1"}],"replies":[{"embeddable":true,"href":"https:\/\/bodursanoto.com.tr\/index.php\/wp-json\/wp\/v2\/comments?post=23"}],"version-history":[{"count":27,"href":"https:\/\/bodursanoto.com.tr\/index.php\/wp-json\/wp\/v2\/pages\/23\/revisions"}],"predecessor-version":[{"id":2257,"href":"https:\/\/bodursanoto.com.tr\/index.php\/wp-json\/wp\/v2\/pages\/23\/revisions\/2257"}],"wp:attachment":[{"href":"https:\/\/bodursanoto.com.tr\/index.php\/wp-json\/wp\/v2\/media?parent=23"}],"curies":[{"name":"wp","href":"https:\/\/api.w.org\/{rel}","templated":true}]}}