{"id":2192,"date":"2025-12-08T10:24:56","date_gmt":"2025-12-08T10:24:56","guid":{"rendered":"https:\/\/bodursanoto.com.tr\/?page_id=2192"},"modified":"2025-12-20T20:51:28","modified_gmt":"2025-12-20T20:51:28","slug":"kvkk","status":"publish","type":"page","link":"https:\/\/bodursanoto.com.tr\/index.php\/kvkk\/","title":{"rendered":"KVKK Ayd\u0131nlatma Metni"},"content":{"rendered":"\t\t<div data-elementor-type=\"wp-page\" data-elementor-id=\"2192\" class=\"elementor elementor-2192\" data-elementor-post-type=\"page\">\n\t\t\t\t<div class=\"elementor-element elementor-element-662a4ce6 e-flex e-con-boxed e-con e-parent\" data-id=\"662a4ce6\" data-element_type=\"container\" data-e-type=\"container\">\n\t\t\t\t\t<div class=\"e-con-inner\">\n\t\t\t\t<div class=\"elementor-element elementor-element-34ee6dff elementor-widget elementor-widget-text-editor\" data-id=\"34ee6dff\" data-element_type=\"widget\" data-e-type=\"widget\" data-widget_type=\"text-editor.default\">\n\t\t\t\t\t\t\t\t\t<h1 data-start=\"939\" data-end=\"981\">BODURSAN OTO \u2013 KVKK AYDINLATMA METN\u0130<\/h1>\n<hr data-start=\"1006\" data-end=\"1009\" \/>\n<h2 data-start=\"1011\" data-end=\"1067\">Ki\u015fisel Verilerin Korunmas\u0131 Hakk\u0131nda Ayd\u0131nlatma Metni<\/h2>\n<p data-start=\"1069\" data-end=\"1286\">Bu ayd\u0131nlatma metni, <strong data-start=\"1090\" data-end=\"1149\">6698 say\u0131l\u0131 Ki\u015fisel Verilerin Korunmas\u0131 Kanunu (\u201cKVKK\u201d)<\/strong> kapsam\u0131nda, <strong data-start=\"1162\" data-end=\"1178\">Bodursan Oto<\/strong> taraf\u0131ndan ki\u015fisel verilerinizin i\u015flenmesine ili\u015fkin olarak sizleri bilgilendirmek amac\u0131yla haz\u0131rlanm\u0131\u015ft\u0131r.<\/p>\n<hr data-start=\"1288\" data-end=\"1291\" \/>\n<h3 data-start=\"1293\" data-end=\"1314\">1. Veri Sorumlusu<\/h3>\n<p data-start=\"1315\" data-end=\"1450\">KVKK uyar\u0131nca ki\u015fisel verileriniz;<br data-start=\"1349\" data-end=\"1352\" \/><strong data-start=\"1352\" data-end=\"1368\">Bodursan Oto<\/strong><br data-start=\"1368\" data-end=\"1371\" \/>Web sitesi: <a class=\"decorated-link\" href=\"https:\/\/www.bodursanoto.com.tr\" target=\"_new\" rel=\"noopener\" data-start=\"1383\" data-end=\"1413\">https:\/\/www.bodursanoto.com.tr<\/a><br data-start=\"1413\" data-end=\"1416\" \/>E-posta: <a class=\"decorated-link cursor-pointer\" rel=\"noopener\" data-start=\"1425\" data-end=\"1448\">info@bodursanoto.com.tr<\/a><\/p>\n<p data-start=\"1452\" data-end=\"1503\">taraf\u0131ndan, veri sorumlusu s\u0131fat\u0131yla i\u015flenmektedir.<\/p>\n<hr data-start=\"1505\" data-end=\"1508\" \/>\n<h3 data-start=\"1510\" data-end=\"1540\">2. \u0130\u015flenen Ki\u015fisel Veriler<\/h3>\n<p data-start=\"1541\" data-end=\"1656\">\u0130nternet sitemiz \u00fczerinden veya ileti\u015fim kanallar\u0131m\u0131z arac\u0131l\u0131\u011f\u0131yla a\u015fa\u011f\u0131daki ki\u015fisel verileriniz i\u015flenebilmektedir:<\/p>\n<ul data-start=\"1658\" data-end=\"1869\">\n<li data-start=\"1658\" data-end=\"1673\">\n<p data-start=\"1660\" data-end=\"1673\">Ad ve soyad<\/p>\n<\/li>\n<li data-start=\"1674\" data-end=\"1694\">\n<p data-start=\"1676\" data-end=\"1694\">Telefon numaras\u0131<\/p>\n<\/li>\n<li data-start=\"1695\" data-end=\"1725\">\n<p data-start=\"1697\" data-end=\"1725\">E-posta adresi (opsiyonel)<\/p>\n<\/li>\n<li data-start=\"1726\" data-end=\"1768\">\n<p data-start=\"1728\" data-end=\"1768\">Ara\u00e7 bilgileri (marka, model, y\u0131l vb.)<\/p>\n<\/li>\n<li data-start=\"1769\" data-end=\"1794\">\n<p data-start=\"1771\" data-end=\"1794\">Mesaj \/ talep i\u00e7eri\u011fi<\/p>\n<\/li>\n<li data-start=\"1795\" data-end=\"1869\">\n<p data-start=\"1797\" data-end=\"1869\">IP adresi ve i\u015flem g\u00fcvenli\u011fi bilgileri (teknik zorunluluklar kapsam\u0131nda)<\/p>\n<\/li>\n<\/ul>\n<hr data-start=\"1871\" data-end=\"1874\" \/>\n<h3 data-start=\"1876\" data-end=\"1917\">3. Ki\u015fisel Verilerin \u0130\u015flenme Ama\u00e7lar\u0131<\/h3>\n<p data-start=\"1918\" data-end=\"1947\">Toplanan ki\u015fisel verileriniz;<\/p>\n<ul data-start=\"1949\" data-end=\"2186\">\n<li data-start=\"1949\" data-end=\"2020\">\n<p data-start=\"1951\" data-end=\"2020\">Servis, bak\u0131m ve randevu taleplerinin al\u0131nmas\u0131 ve de\u011ferlendirilmesi<\/p>\n<\/li>\n<li data-start=\"2021\" data-end=\"2056\">\n<p data-start=\"2023\" data-end=\"2056\">Taraf\u0131n\u0131zla ileti\u015fime ge\u00e7ilmesi<\/p>\n<\/li>\n<li data-start=\"2057\" data-end=\"2094\">\n<p data-start=\"2059\" data-end=\"2094\">M\u00fc\u015fteri memnuniyetinin sa\u011flanmas\u0131<\/p>\n<\/li>\n<li data-start=\"2095\" data-end=\"2140\">\n<p data-start=\"2097\" data-end=\"2140\">Talep ve \u015fik\u00e2yet s\u00fcre\u00e7lerinin y\u00fcr\u00fct\u00fclmesi<\/p>\n<\/li>\n<li data-start=\"2141\" data-end=\"2186\">\n<p data-start=\"2143\" data-end=\"2186\">Hukuki y\u00fck\u00fcml\u00fcl\u00fcklerin yerine getirilmesi<\/p>\n<\/li>\n<\/ul>\n<p data-start=\"2188\" data-end=\"2235\">ama\u00e7lar\u0131yla KVKK\u2019ya uygun olarak i\u015flenmektedir.<\/p>\n<hr data-start=\"2237\" data-end=\"2240\" \/>\n<h3 data-start=\"2242\" data-end=\"2278\">4. Ki\u015fisel Verilerin Aktar\u0131lmas\u0131<\/h3>\n<p data-start=\"2279\" data-end=\"2299\">Ki\u015fisel verileriniz;<\/p>\n<ul data-start=\"2301\" data-end=\"2452\">\n<li data-start=\"2301\" data-end=\"2385\">\n<p data-start=\"2303\" data-end=\"2385\">Yaln\u0131zca yukar\u0131da belirtilen ama\u00e7lar\u0131n ger\u00e7ekle\u015ftirilmesiyle s\u0131n\u0131rl\u0131 olmak \u00fczere<\/p>\n<\/li>\n<li data-start=\"2386\" data-end=\"2452\">\n<p data-start=\"2388\" data-end=\"2452\">Yetkili kamu kurum ve kurulu\u015flar\u0131na (yasal zorunluluk halinde)<\/p>\n<\/li>\n<\/ul>\n<p data-start=\"2454\" data-end=\"2512\">aktar\u0131labilir. Bunun d\u0131\u015f\u0131nda \u00fc\u00e7\u00fcnc\u00fc ki\u015filerle payla\u015f\u0131lmaz.<\/p>\n<hr data-start=\"2514\" data-end=\"2517\" \/>\n<h3 data-start=\"2519\" data-end=\"2577\">5. Ki\u015fisel Verilerin Toplanma Y\u00f6ntemi ve Hukuki Sebebi<\/h3>\n<p data-start=\"2578\" data-end=\"2598\">Ki\u015fisel verileriniz;<\/p>\n<ul data-start=\"2600\" data-end=\"2712\">\n<li data-start=\"2600\" data-end=\"2655\">\n<p data-start=\"2602\" data-end=\"2655\">Web sitemizde yer alan ileti\u015fim ve randevu formlar\u0131<\/p>\n<\/li>\n<li data-start=\"2656\" data-end=\"2712\">\n<p data-start=\"2658\" data-end=\"2712\">Telefon, e-posta ve WhatsApp gibi ileti\u015fim kanallar\u0131<\/p>\n<\/li>\n<\/ul>\n<p data-start=\"2714\" data-end=\"2950\">arac\u0131l\u0131\u011f\u0131yla, <strong data-start=\"2728\" data-end=\"2765\">KVKK\u2019n\u0131n 5. maddesinde belirtilen<\/strong> \u201cbir s\u00f6zle\u015fmenin kurulmas\u0131 veya ifas\u0131yla do\u011frudan do\u011fruya ilgili olmas\u0131\u201d ve \u201cveri sorumlusunun hukuki y\u00fck\u00fcml\u00fcl\u00fc\u011f\u00fcn\u00fc yerine getirebilmesi\u201d hukuki sebeplerine dayan\u0131larak toplanmaktad\u0131r.<\/p>\n<hr data-start=\"2952\" data-end=\"2955\" \/>\n<h3 data-start=\"2957\" data-end=\"2992\">6. KVKK Kapsam\u0131ndaki Haklar\u0131n\u0131z<\/h3>\n<p data-start=\"2993\" data-end=\"3051\">KVKK\u2019n\u0131n 11. maddesi uyar\u0131nca, ki\u015fisel veri sahibi olarak:<\/p>\n<ul data-start=\"3053\" data-end=\"3466\">\n<li data-start=\"3053\" data-end=\"3108\">\n<p data-start=\"3055\" data-end=\"3108\">Ki\u015fisel verilerinizin i\u015flenip i\u015flenmedi\u011fini \u00f6\u011frenme<\/p>\n<\/li>\n<li data-start=\"3109\" data-end=\"3153\">\n<p data-start=\"3111\" data-end=\"3153\">\u0130\u015flenmi\u015fse buna ili\u015fkin bilgi talep etme<\/p>\n<\/li>\n<li data-start=\"3154\" data-end=\"3226\">\n<p data-start=\"3156\" data-end=\"3226\">\u0130\u015flenme amac\u0131n\u0131 ve amac\u0131na uygun kullan\u0131l\u0131p kullan\u0131lmad\u0131\u011f\u0131n\u0131 \u00f6\u011frenme<\/p>\n<\/li>\n<li data-start=\"3227\" data-end=\"3281\">\n<p data-start=\"3229\" data-end=\"3281\">Eksik veya yanl\u0131\u015f i\u015flenmi\u015fse d\u00fczeltilmesini isteme<\/p>\n<\/li>\n<li data-start=\"3282\" data-end=\"3345\">\n<p data-start=\"3284\" data-end=\"3345\">KVKK\u2019ya uygun olarak silinmesini veya yok edilmesini isteme<\/p>\n<\/li>\n<li data-start=\"3346\" data-end=\"3466\">\n<p data-start=\"3348\" data-end=\"3466\">\u0130\u015flemenin yaln\u0131zca otomatik sistemler ile analiz edilmesi sonucu aleyhinize bir sonucun ortaya \u00e7\u0131kmas\u0131na itiraz etme<\/p>\n<\/li>\n<\/ul>\n<p data-start=\"3468\" data-end=\"3489\">haklar\u0131na sahipsiniz.<\/p>\n<p data-start=\"3491\" data-end=\"3595\">Bu haklar\u0131n\u0131za ili\u015fkin taleplerinizi, <strong data-start=\"3529\" data-end=\"3556\"><a class=\"decorated-link cursor-pointer\" rel=\"noopener\" data-start=\"3531\" data-end=\"3554\">info@bodursanoto.com.tr<\/a><\/strong> adresi \u00fczerinden bize iletebilirsiniz.<\/p>\t\t\t\t\t\t\t\t<\/div>\n\t\t\t\t\t<\/div>\n\t\t\t\t<\/div>\n\t\t\t\t<\/div>\n\t\t","protected":false},"excerpt":{"rendered":"<p>BODURSAN OTO \u2013 KVKK AYDINLATMA METN\u0130 Ki\u015fisel Verilerin Korunmas\u0131 Hakk\u0131nda Ayd\u0131nlatma Metni Bu ayd\u0131nlatma metni, 6698 say\u0131l\u0131 Ki\u015fisel Verilerin Korunmas\u0131 Kanunu (\u201cKVKK\u201d) kapsam\u0131nda, Bodursan&#8230;<\/p>\n","protected":false},"author":1,"featured_media":0,"parent":0,"menu_order":0,"comment_status":"closed","ping_status":"closed","template":"","meta":{"_acf_changed":false,"footnotes":""},"class_list":["post-2192","page","type-page","status-publish","hentry"],"acf":[],"_links":{"self":[{"href":"https:\/\/bodursanoto.com.tr\/index.php\/wp-json\/wp\/v2\/pages\/2192","targetHints":{"allow":["GET"]}}],"collection":[{"href":"https:\/\/bodursanoto.com.tr\/index.php\/wp-json\/wp\/v2\/pages"}],"about":[{"href":"https:\/\/bodursanoto.com.tr\/index.php\/wp-json\/wp\/v2\/types\/page"}],"author":[{"embeddable":true,"href":"https:\/\/bodursanoto.com.tr\/index.php\/wp-json\/wp\/v2\/users\/1"}],"replies":[{"embeddable":true,"href":"https:\/\/bodursanoto.com.tr\/index.php\/wp-json\/wp\/v2\/comments?post=2192"}],"version-history":[{"count":6,"href":"https:\/\/bodursanoto.com.tr\/index.php\/wp-json\/wp\/v2\/pages\/2192\/revisions"}],"predecessor-version":[{"id":2279,"href":"https:\/\/bodursanoto.com.tr\/index.php\/wp-json\/wp\/v2\/pages\/2192\/revisions\/2279"}],"wp:attachment":[{"href":"https:\/\/bodursanoto.com.tr\/index.php\/wp-json\/wp\/v2\/media?parent=2192"}],"curies":[{"name":"wp","href":"https:\/\/api.w.org\/{rel}","templated":true}]}}